{"id":4323,"date":"2020-11-13T09:46:06","date_gmt":"2020-11-13T09:46:06","guid":{"rendered":"https:\/\/mouhtadiprojects.com\/Salus\/produit\/aderma-exomega-control-lait-emollient-200ml\/"},"modified":"2020-11-13T09:46:11","modified_gmt":"2020-11-13T09:46:11","slug":"aderma-exomega-control-lait-emollient-200ml","status":"publish","type":"product","link":"https:\/\/mouhtadiprojects.com\/Salus\/produit\/aderma-exomega-control-lait-emollient-200ml\/","title":{"rendered":"ADERMA EXOMEGA CONTROL LAIT EMOLLIENT 200ML"},"content":{"rendered":"","protected":false},"excerpt":{"rendered":"<p>Aderma Exomega Control Lait \u00c9mollient 200 ml \u00e0 la texture riche est un lait anti-grattage recommand\u00e9 pour les peaux s\u00e8ches \u00e0 tendance atopique de toute la famille.<\/p>\n","protected":false},"featured_media":4187,"comment_status":"closed","ping_status":"closed","template":"","meta":{"_acf_changed":false},"product_brand":[],"product_cat":[15],"product_tag":[],"class_list":{"0":"post-4323","1":"product","2":"type-product","3":"status-publish","4":"has-post-thumbnail","6":"product_cat-corps","7":"pa_marques-aderma","9":"first","10":"instock","11":"purchasable","12":"product-type-simple"},"acf":[],"_links":{"self":[{"href":"https:\/\/mouhtadiprojects.com\/Salus\/wp-json\/wp\/v2\/product\/4323","targetHints":{"allow":["GET"]}}],"collection":[{"href":"https:\/\/mouhtadiprojects.com\/Salus\/wp-json\/wp\/v2\/product"}],"about":[{"href":"https:\/\/mouhtadiprojects.com\/Salus\/wp-json\/wp\/v2\/types\/product"}],"replies":[{"embeddable":true,"href":"https:\/\/mouhtadiprojects.com\/Salus\/wp-json\/wp\/v2\/comments?post=4323"}],"version-history":[{"count":1,"href":"https:\/\/mouhtadiprojects.com\/Salus\/wp-json\/wp\/v2\/product\/4323\/revisions"}],"predecessor-version":[{"id":4324,"href":"https:\/\/mouhtadiprojects.com\/Salus\/wp-json\/wp\/v2\/product\/4323\/revisions\/4324"}],"wp:featuredmedia":[{"embeddable":true,"href":"https:\/\/mouhtadiprojects.com\/Salus\/wp-json\/wp\/v2\/media\/4187"}],"wp:attachment":[{"href":"https:\/\/mouhtadiprojects.com\/Salus\/wp-json\/wp\/v2\/media?parent=4323"}],"wp:term":[{"taxonomy":"product_brand","embeddable":true,"href":"https:\/\/mouhtadiprojects.com\/Salus\/wp-json\/wp\/v2\/product_brand?post=4323"},{"taxonomy":"product_cat","embeddable":true,"href":"https:\/\/mouhtadiprojects.com\/Salus\/wp-json\/wp\/v2\/product_cat?post=4323"},{"taxonomy":"product_tag","embeddable":true,"href":"https:\/\/mouhtadiprojects.com\/Salus\/wp-json\/wp\/v2\/product_tag?post=4323"}],"curies":[{"name":"wp","href":"https:\/\/api.w.org\/{rel}","templated":true}]}}