{"id":4343,"date":"2020-11-13T09:46:25","date_gmt":"2020-11-13T09:46:25","guid":{"rendered":"https:\/\/mouhtadiprojects.com\/Salus\/produit\/aderma-protect-ac-fluide-matifiant-tres-haute-protection-spf-50-40-ml\/"},"modified":"2020-11-13T09:46:25","modified_gmt":"2020-11-13T09:46:25","slug":"aderma-protect-ac-fluide-matifiant-tres-haute-protection-spf-50-40-ml","status":"publish","type":"product","link":"https:\/\/mouhtadiprojects.com\/Salus\/produit\/aderma-protect-ac-fluide-matifiant-tres-haute-protection-spf-50-40-ml\/","title":{"rendered":"ADERMA PROTECT AC FLUIDE MATIFIANT TR\u00c8S HAUTE PROTECTION SPF 50+ 40 ML"},"content":{"rendered":"","protected":false},"excerpt":{"rendered":"<p>Aderma Protect AC Fluide Matifiant Tr\u00e8s Haute Protection SPF 50+ 40 ml est \u00e0 la fois un fluide matifiant et \u00e9galement une protection solaire de tr\u00e8s haute protection sp\u00e9cialement formul\u00e9 pour les peaux grasses \u00e0 tendance acn\u00e9ique.<\/p>\n","protected":false},"featured_media":4197,"comment_status":"closed","ping_status":"closed","template":"","meta":{"_acf_changed":false},"product_brand":[],"product_cat":[23],"product_tag":[],"class_list":{"0":"post-4343","1":"product","2":"type-product","3":"status-publish","4":"has-post-thumbnail","6":"product_cat-visage","7":"pa_marques-aderma","9":"first","10":"instock","11":"purchasable","12":"product-type-simple"},"acf":[],"_links":{"self":[{"href":"https:\/\/mouhtadiprojects.com\/Salus\/wp-json\/wp\/v2\/product\/4343","targetHints":{"allow":["GET"]}}],"collection":[{"href":"https:\/\/mouhtadiprojects.com\/Salus\/wp-json\/wp\/v2\/product"}],"about":[{"href":"https:\/\/mouhtadiprojects.com\/Salus\/wp-json\/wp\/v2\/types\/product"}],"replies":[{"embeddable":true,"href":"https:\/\/mouhtadiprojects.com\/Salus\/wp-json\/wp\/v2\/comments?post=4343"}],"version-history":[{"count":1,"href":"https:\/\/mouhtadiprojects.com\/Salus\/wp-json\/wp\/v2\/product\/4343\/revisions"}],"predecessor-version":[{"id":4344,"href":"https:\/\/mouhtadiprojects.com\/Salus\/wp-json\/wp\/v2\/product\/4343\/revisions\/4344"}],"wp:featuredmedia":[{"embeddable":true,"href":"https:\/\/mouhtadiprojects.com\/Salus\/wp-json\/wp\/v2\/media\/4197"}],"wp:attachment":[{"href":"https:\/\/mouhtadiprojects.com\/Salus\/wp-json\/wp\/v2\/media?parent=4343"}],"wp:term":[{"taxonomy":"product_brand","embeddable":true,"href":"https:\/\/mouhtadiprojects.com\/Salus\/wp-json\/wp\/v2\/product_brand?post=4343"},{"taxonomy":"product_cat","embeddable":true,"href":"https:\/\/mouhtadiprojects.com\/Salus\/wp-json\/wp\/v2\/product_cat?post=4343"},{"taxonomy":"product_tag","embeddable":true,"href":"https:\/\/mouhtadiprojects.com\/Salus\/wp-json\/wp\/v2\/product_tag?post=4343"}],"curies":[{"name":"wp","href":"https:\/\/api.w.org\/{rel}","templated":true}]}}