{"id":4371,"date":"2020-11-13T12:40:52","date_gmt":"2020-11-13T12:40:52","guid":{"rendered":"https:\/\/mouhtadiprojects.com\/Salus\/produit\/addax-hycalia-stick-hydratant-levres-4-g\/"},"modified":"2020-11-13T12:41:00","modified_gmt":"2020-11-13T12:41:00","slug":"addax-hycalia-stick-hydratant-levres-4-g","status":"publish","type":"product","link":"https:\/\/mouhtadiprojects.com\/Salus\/produit\/addax-hycalia-stick-hydratant-levres-4-g\/","title":{"rendered":"ADDAX HYCALIA STICK HYDRATANT L\u00c8VRES 4 G"},"content":{"rendered":"","protected":false},"excerpt":{"rendered":"<p>Le stick hydratant Addax nourrit durablement et prot\u00e8ge efficacement les l\u00e8vres dess\u00e9ch\u00e9es par des conditions climatiques extr\u00eames (froid, vent, s\u00e9cheresse de l&#8217;air&#8230;)<\/p>\n","protected":false},"featured_media":4356,"comment_status":"closed","ping_status":"closed","template":"","meta":{"_acf_changed":false},"product_brand":[],"product_cat":[23],"product_tag":[],"class_list":{"0":"post-4371","1":"product","2":"type-product","3":"status-publish","4":"has-post-thumbnail","6":"product_cat-visage","7":"pa_marques-addax","9":"first","10":"instock","11":"purchasable","12":"product-type-simple"},"acf":[],"_links":{"self":[{"href":"https:\/\/mouhtadiprojects.com\/Salus\/wp-json\/wp\/v2\/product\/4371","targetHints":{"allow":["GET"]}}],"collection":[{"href":"https:\/\/mouhtadiprojects.com\/Salus\/wp-json\/wp\/v2\/product"}],"about":[{"href":"https:\/\/mouhtadiprojects.com\/Salus\/wp-json\/wp\/v2\/types\/product"}],"replies":[{"embeddable":true,"href":"https:\/\/mouhtadiprojects.com\/Salus\/wp-json\/wp\/v2\/comments?post=4371"}],"version-history":[{"count":1,"href":"https:\/\/mouhtadiprojects.com\/Salus\/wp-json\/wp\/v2\/product\/4371\/revisions"}],"predecessor-version":[{"id":4372,"href":"https:\/\/mouhtadiprojects.com\/Salus\/wp-json\/wp\/v2\/product\/4371\/revisions\/4372"}],"wp:featuredmedia":[{"embeddable":true,"href":"https:\/\/mouhtadiprojects.com\/Salus\/wp-json\/wp\/v2\/media\/4356"}],"wp:attachment":[{"href":"https:\/\/mouhtadiprojects.com\/Salus\/wp-json\/wp\/v2\/media?parent=4371"}],"wp:term":[{"taxonomy":"product_brand","embeddable":true,"href":"https:\/\/mouhtadiprojects.com\/Salus\/wp-json\/wp\/v2\/product_brand?post=4371"},{"taxonomy":"product_cat","embeddable":true,"href":"https:\/\/mouhtadiprojects.com\/Salus\/wp-json\/wp\/v2\/product_cat?post=4371"},{"taxonomy":"product_tag","embeddable":true,"href":"https:\/\/mouhtadiprojects.com\/Salus\/wp-json\/wp\/v2\/product_tag?post=4371"}],"curies":[{"name":"wp","href":"https:\/\/api.w.org\/{rel}","templated":true}]}}