{"id":4438,"date":"2020-11-16T11:52:54","date_gmt":"2020-11-16T11:52:54","guid":{"rendered":"https:\/\/mouhtadiprojects.com\/Salus\/produit\/avene-baume-apre-rasaga-75ml\/"},"modified":"2020-11-17T15:20:20","modified_gmt":"2020-11-17T15:20:20","slug":"avene-baume-apre-rasaga-75ml","status":"publish","type":"product","link":"https:\/\/mouhtadiprojects.com\/Salus\/produit\/avene-baume-apre-rasaga-75ml\/","title":{"rendered":"AV\u00c8NE BAUME APRE-RASAGA 75ML"},"content":{"rendered":"","protected":false},"excerpt":{"rendered":"<p>Apaise imm\u00e9diatement les irritations et pr\u00e9vient les risques bact\u00e9riens li\u00e9s aux microcoupures. Il d\u00e9pose sur la peau un film protecteur tr\u00e8s doux. Sans alcool, sans paraben.<\/p>\n","protected":false},"featured_media":4385,"comment_status":"closed","ping_status":"closed","template":"","meta":{"_acf_changed":false},"product_brand":[],"product_cat":[34],"product_tag":[],"class_list":{"0":"post-4438","1":"product","2":"type-product","3":"status-publish","4":"has-post-thumbnail","6":"product_cat-homme","7":"pa_marques-avene","9":"first","10":"instock","11":"purchasable","12":"product-type-simple"},"acf":[],"_links":{"self":[{"href":"https:\/\/mouhtadiprojects.com\/Salus\/wp-json\/wp\/v2\/product\/4438","targetHints":{"allow":["GET"]}}],"collection":[{"href":"https:\/\/mouhtadiprojects.com\/Salus\/wp-json\/wp\/v2\/product"}],"about":[{"href":"https:\/\/mouhtadiprojects.com\/Salus\/wp-json\/wp\/v2\/types\/product"}],"replies":[{"embeddable":true,"href":"https:\/\/mouhtadiprojects.com\/Salus\/wp-json\/wp\/v2\/comments?post=4438"}],"version-history":[{"count":1,"href":"https:\/\/mouhtadiprojects.com\/Salus\/wp-json\/wp\/v2\/product\/4438\/revisions"}],"predecessor-version":[{"id":4439,"href":"https:\/\/mouhtadiprojects.com\/Salus\/wp-json\/wp\/v2\/product\/4438\/revisions\/4439"}],"wp:featuredmedia":[{"embeddable":true,"href":"https:\/\/mouhtadiprojects.com\/Salus\/wp-json\/wp\/v2\/media\/4385"}],"wp:attachment":[{"href":"https:\/\/mouhtadiprojects.com\/Salus\/wp-json\/wp\/v2\/media?parent=4438"}],"wp:term":[{"taxonomy":"product_brand","embeddable":true,"href":"https:\/\/mouhtadiprojects.com\/Salus\/wp-json\/wp\/v2\/product_brand?post=4438"},{"taxonomy":"product_cat","embeddable":true,"href":"https:\/\/mouhtadiprojects.com\/Salus\/wp-json\/wp\/v2\/product_cat?post=4438"},{"taxonomy":"product_tag","embeddable":true,"href":"https:\/\/mouhtadiprojects.com\/Salus\/wp-json\/wp\/v2\/product_tag?post=4438"}],"curies":[{"name":"wp","href":"https:\/\/api.w.org\/{rel}","templated":true}]}}