{"id":4456,"date":"2020-11-16T11:52:54","date_gmt":"2020-11-16T11:52:54","guid":{"rendered":"https:\/\/mouhtadiprojects.com\/Salus\/produit\/avene-cleanance-hydra-creme-40ml\/"},"modified":"2020-11-16T11:53:02","modified_gmt":"2020-11-16T11:53:02","slug":"avene-cleanance-hydra-creme-40ml","status":"publish","type":"product","link":"https:\/\/mouhtadiprojects.com\/Salus\/produit\/avene-cleanance-hydra-creme-40ml\/","title":{"rendered":"AV\u00c8NE CLEANANCE HYDRA CREME 40ML"},"content":{"rendered":"","protected":false},"excerpt":{"rendered":"<p>Parce que les peaux sous traitement antiacn\u00e9ique r\u00e9clament des soins sp\u00e9cifiques, le laboratoire Av\u00e8ne a \u00e9labor\u00e9 la cr\u00e8me apaisante Cleanance Hydra. Enrichi en eau thermale d&#8217;Av\u00e8ne, ce soin du visage contribue \u00e0 apaiser l&#8217;\u00e9piderme et \u00e0 restaurer progressivement son \u00e9quilibre.<\/p>\n","protected":false},"featured_media":4395,"comment_status":"closed","ping_status":"closed","template":"","meta":{"_acf_changed":false},"product_brand":[],"product_cat":[23],"product_tag":[],"class_list":{"0":"post-4456","1":"product","2":"type-product","3":"status-publish","4":"has-post-thumbnail","6":"product_cat-visage","7":"pa_marques-avene","9":"first","10":"instock","11":"purchasable","12":"product-type-simple"},"acf":[],"_links":{"self":[{"href":"https:\/\/mouhtadiprojects.com\/Salus\/wp-json\/wp\/v2\/product\/4456","targetHints":{"allow":["GET"]}}],"collection":[{"href":"https:\/\/mouhtadiprojects.com\/Salus\/wp-json\/wp\/v2\/product"}],"about":[{"href":"https:\/\/mouhtadiprojects.com\/Salus\/wp-json\/wp\/v2\/types\/product"}],"replies":[{"embeddable":true,"href":"https:\/\/mouhtadiprojects.com\/Salus\/wp-json\/wp\/v2\/comments?post=4456"}],"version-history":[{"count":1,"href":"https:\/\/mouhtadiprojects.com\/Salus\/wp-json\/wp\/v2\/product\/4456\/revisions"}],"predecessor-version":[{"id":4457,"href":"https:\/\/mouhtadiprojects.com\/Salus\/wp-json\/wp\/v2\/product\/4456\/revisions\/4457"}],"wp:featuredmedia":[{"embeddable":true,"href":"https:\/\/mouhtadiprojects.com\/Salus\/wp-json\/wp\/v2\/media\/4395"}],"wp:attachment":[{"href":"https:\/\/mouhtadiprojects.com\/Salus\/wp-json\/wp\/v2\/media?parent=4456"}],"wp:term":[{"taxonomy":"product_brand","embeddable":true,"href":"https:\/\/mouhtadiprojects.com\/Salus\/wp-json\/wp\/v2\/product_brand?post=4456"},{"taxonomy":"product_cat","embeddable":true,"href":"https:\/\/mouhtadiprojects.com\/Salus\/wp-json\/wp\/v2\/product_cat?post=4456"},{"taxonomy":"product_tag","embeddable":true,"href":"https:\/\/mouhtadiprojects.com\/Salus\/wp-json\/wp\/v2\/product_tag?post=4456"}],"curies":[{"name":"wp","href":"https:\/\/api.w.org\/{rel}","templated":true}]}}