{"id":4462,"date":"2020-11-16T11:52:54","date_gmt":"2020-11-16T11:52:54","guid":{"rendered":"https:\/\/mouhtadiprojects.com\/Salus\/produit\/avene-creme-spf50-anti-age-50ml\/"},"modified":"2020-11-16T11:53:03","modified_gmt":"2020-11-16T11:53:03","slug":"avene-creme-spf50-anti-age-50ml","status":"publish","type":"product","link":"https:\/\/mouhtadiprojects.com\/Salus\/produit\/avene-creme-spf50-anti-age-50ml\/","title":{"rendered":"AV\u00c8NE CREME SPF50+ ANTI-AGE 50ML"},"content":{"rendered":"","protected":false},"excerpt":{"rendered":"<p>Parce qu&#8217;il est important de prot\u00e9ger la peau fragile de son visage, Av\u00e8ne a d\u00e9velopp\u00e9 une formule antirides, id\u00e9ale pour agir directement sur les rides l\u00e9g\u00e8res et profondes : Av\u00e8ne Solaire Cr\u00e8me Anti-\u00e2ge Tr\u00e8s haute Protection. Gr\u00e2ce \u00e0 ses actifs fermet\u00e9s, cette cr\u00e8me solaire prot\u00e8ge la peau des UV et lutte contre les rides.<\/p>\n","protected":false},"featured_media":4400,"comment_status":"closed","ping_status":"closed","template":"","meta":{"_acf_changed":false},"product_brand":[],"product_cat":[23],"product_tag":[],"class_list":{"0":"post-4462","1":"product","2":"type-product","3":"status-publish","4":"has-post-thumbnail","6":"product_cat-visage","7":"pa_marques-avene","9":"first","10":"instock","11":"purchasable","12":"product-type-simple"},"acf":[],"_links":{"self":[{"href":"https:\/\/mouhtadiprojects.com\/Salus\/wp-json\/wp\/v2\/product\/4462","targetHints":{"allow":["GET"]}}],"collection":[{"href":"https:\/\/mouhtadiprojects.com\/Salus\/wp-json\/wp\/v2\/product"}],"about":[{"href":"https:\/\/mouhtadiprojects.com\/Salus\/wp-json\/wp\/v2\/types\/product"}],"replies":[{"embeddable":true,"href":"https:\/\/mouhtadiprojects.com\/Salus\/wp-json\/wp\/v2\/comments?post=4462"}],"version-history":[{"count":1,"href":"https:\/\/mouhtadiprojects.com\/Salus\/wp-json\/wp\/v2\/product\/4462\/revisions"}],"predecessor-version":[{"id":4463,"href":"https:\/\/mouhtadiprojects.com\/Salus\/wp-json\/wp\/v2\/product\/4462\/revisions\/4463"}],"wp:featuredmedia":[{"embeddable":true,"href":"https:\/\/mouhtadiprojects.com\/Salus\/wp-json\/wp\/v2\/media\/4400"}],"wp:attachment":[{"href":"https:\/\/mouhtadiprojects.com\/Salus\/wp-json\/wp\/v2\/media?parent=4462"}],"wp:term":[{"taxonomy":"product_brand","embeddable":true,"href":"https:\/\/mouhtadiprojects.com\/Salus\/wp-json\/wp\/v2\/product_brand?post=4462"},{"taxonomy":"product_cat","embeddable":true,"href":"https:\/\/mouhtadiprojects.com\/Salus\/wp-json\/wp\/v2\/product_cat?post=4462"},{"taxonomy":"product_tag","embeddable":true,"href":"https:\/\/mouhtadiprojects.com\/Salus\/wp-json\/wp\/v2\/product_tag?post=4462"}],"curies":[{"name":"wp","href":"https:\/\/api.w.org\/{rel}","templated":true}]}}