{"id":4592,"date":"2020-11-17T15:09:30","date_gmt":"2020-11-17T15:09:30","guid":{"rendered":"https:\/\/mouhtadiprojects.com\/Salus\/produit\/bioderma-abcderm-baby-squam-40-ml\/"},"modified":"2020-11-17T15:09:39","modified_gmt":"2020-11-17T15:09:39","slug":"bioderma-abcderm-baby-squam-40-ml","status":"publish","type":"product","link":"https:\/\/mouhtadiprojects.com\/Salus\/produit\/bioderma-abcderm-baby-squam-40-ml\/","title":{"rendered":"BIODERMA ABCDERM BABY SQUAM 40 ML"},"content":{"rendered":"","protected":false},"excerpt":{"rendered":"<p>Disgracieuses et incommodantes pour votre b\u00e9b\u00e9, les cro\u00fbtes de lait peuvent nuire \u00e0 son hygi\u00e8ne. Afin qu\u2019il retrouve une peau lisse et saine, Bioderma a con\u00e7u la cr\u00e8me ABCDerm Baby Squam pour les \u00e9liminer en toute s\u00e9curit\u00e9. Fini les d\u00e9mangeaisons gr\u00e2ce \u00e0 ce soin \u00e9mollient hypoallerg\u00e9nique.<\/p>\n","protected":false},"featured_media":4532,"comment_status":"closed","ping_status":"closed","template":"","meta":{"_acf_changed":false},"product_brand":[],"product_cat":[36],"product_tag":[],"class_list":{"0":"post-4592","1":"product","2":"type-product","3":"status-publish","4":"has-post-thumbnail","6":"product_cat-bebe-maman","7":"pa_marques-bioderma","9":"first","10":"instock","11":"purchasable","12":"product-type-simple"},"acf":[],"_links":{"self":[{"href":"https:\/\/mouhtadiprojects.com\/Salus\/wp-json\/wp\/v2\/product\/4592","targetHints":{"allow":["GET"]}}],"collection":[{"href":"https:\/\/mouhtadiprojects.com\/Salus\/wp-json\/wp\/v2\/product"}],"about":[{"href":"https:\/\/mouhtadiprojects.com\/Salus\/wp-json\/wp\/v2\/types\/product"}],"replies":[{"embeddable":true,"href":"https:\/\/mouhtadiprojects.com\/Salus\/wp-json\/wp\/v2\/comments?post=4592"}],"version-history":[{"count":1,"href":"https:\/\/mouhtadiprojects.com\/Salus\/wp-json\/wp\/v2\/product\/4592\/revisions"}],"predecessor-version":[{"id":4593,"href":"https:\/\/mouhtadiprojects.com\/Salus\/wp-json\/wp\/v2\/product\/4592\/revisions\/4593"}],"wp:featuredmedia":[{"embeddable":true,"href":"https:\/\/mouhtadiprojects.com\/Salus\/wp-json\/wp\/v2\/media\/4532"}],"wp:attachment":[{"href":"https:\/\/mouhtadiprojects.com\/Salus\/wp-json\/wp\/v2\/media?parent=4592"}],"wp:term":[{"taxonomy":"product_brand","embeddable":true,"href":"https:\/\/mouhtadiprojects.com\/Salus\/wp-json\/wp\/v2\/product_brand?post=4592"},{"taxonomy":"product_cat","embeddable":true,"href":"https:\/\/mouhtadiprojects.com\/Salus\/wp-json\/wp\/v2\/product_cat?post=4592"},{"taxonomy":"product_tag","embeddable":true,"href":"https:\/\/mouhtadiprojects.com\/Salus\/wp-json\/wp\/v2\/product_tag?post=4592"}],"curies":[{"name":"wp","href":"https:\/\/api.w.org\/{rel}","templated":true}]}}