{"id":4594,"date":"2020-11-17T15:09:30","date_gmt":"2020-11-17T15:09:30","guid":{"rendered":"https:\/\/mouhtadiprojects.com\/Salus\/produit\/bioderma-abc-change-bebe-inte-75\/"},"modified":"2020-11-17T15:09:44","modified_gmt":"2020-11-17T15:09:44","slug":"bioderma-abc-change-bebe-inte-75","status":"publish","type":"product","link":"https:\/\/mouhtadiprojects.com\/Salus\/produit\/bioderma-abc-change-bebe-inte-75\/","title":{"rendered":"BIODERMA ABC CHANGE BEBE INTE\/75"},"content":{"rendered":"","protected":false},"excerpt":{"rendered":"<p>Pata \u00e0 l&#8217;eau r\u00e9paratrice contre les rougeurs des fesses du b\u00e9b\u00e9.<\/p>\n","protected":false},"featured_media":4533,"comment_status":"closed","ping_status":"closed","template":"","meta":{"_acf_changed":false},"product_brand":[],"product_cat":[36],"product_tag":[],"class_list":{"0":"post-4594","1":"product","2":"type-product","3":"status-publish","4":"has-post-thumbnail","6":"product_cat-bebe-maman","7":"pa_marques-bioderma","9":"first","10":"instock","11":"purchasable","12":"product-type-simple"},"acf":[],"_links":{"self":[{"href":"https:\/\/mouhtadiprojects.com\/Salus\/wp-json\/wp\/v2\/product\/4594","targetHints":{"allow":["GET"]}}],"collection":[{"href":"https:\/\/mouhtadiprojects.com\/Salus\/wp-json\/wp\/v2\/product"}],"about":[{"href":"https:\/\/mouhtadiprojects.com\/Salus\/wp-json\/wp\/v2\/types\/product"}],"replies":[{"embeddable":true,"href":"https:\/\/mouhtadiprojects.com\/Salus\/wp-json\/wp\/v2\/comments?post=4594"}],"version-history":[{"count":1,"href":"https:\/\/mouhtadiprojects.com\/Salus\/wp-json\/wp\/v2\/product\/4594\/revisions"}],"predecessor-version":[{"id":4595,"href":"https:\/\/mouhtadiprojects.com\/Salus\/wp-json\/wp\/v2\/product\/4594\/revisions\/4595"}],"wp:featuredmedia":[{"embeddable":true,"href":"https:\/\/mouhtadiprojects.com\/Salus\/wp-json\/wp\/v2\/media\/4533"}],"wp:attachment":[{"href":"https:\/\/mouhtadiprojects.com\/Salus\/wp-json\/wp\/v2\/media?parent=4594"}],"wp:term":[{"taxonomy":"product_brand","embeddable":true,"href":"https:\/\/mouhtadiprojects.com\/Salus\/wp-json\/wp\/v2\/product_brand?post=4594"},{"taxonomy":"product_cat","embeddable":true,"href":"https:\/\/mouhtadiprojects.com\/Salus\/wp-json\/wp\/v2\/product_cat?post=4594"},{"taxonomy":"product_tag","embeddable":true,"href":"https:\/\/mouhtadiprojects.com\/Salus\/wp-json\/wp\/v2\/product_tag?post=4594"}],"curies":[{"name":"wp","href":"https:\/\/api.w.org\/{rel}","templated":true}]}}