{"id":4614,"date":"2020-11-17T15:09:30","date_gmt":"2020-11-17T15:09:30","guid":{"rendered":"https:\/\/mouhtadiprojects.com\/Salus\/produit\/bioderma-abcderm-shampoing-douceur-200-ml\/"},"modified":"2020-11-17T15:09:49","modified_gmt":"2020-11-17T15:09:49","slug":"bioderma-abcderm-shampoing-douceur-200-ml","status":"publish","type":"product","link":"https:\/\/mouhtadiprojects.com\/Salus\/produit\/bioderma-abcderm-shampoing-douceur-200-ml\/","title":{"rendered":"BIODERMA ABCDERM SHAMPOING DOUCEUR 200 ML"},"content":{"rendered":"","protected":false},"excerpt":{"rendered":"<p>Bioderma ABCDerm Shampooing Douceur 200 ml est sp\u00e9cifiquement formul\u00e9 selon l&#8217;engagement de s\u00e9curit\u00e9 dermatologique ABCDerm, pour laver en douceur le cuir chevelu d\u00e9licat des enfants.<\/p>\n","protected":false},"featured_media":4543,"comment_status":"closed","ping_status":"closed","template":"","meta":{"_acf_changed":false},"product_brand":[],"product_cat":[36],"product_tag":[],"class_list":{"0":"post-4614","1":"product","2":"type-product","3":"status-publish","4":"has-post-thumbnail","6":"product_cat-bebe-maman","7":"pa_marques-bioderma","9":"first","10":"instock","11":"purchasable","12":"product-type-simple"},"acf":[],"_links":{"self":[{"href":"https:\/\/mouhtadiprojects.com\/Salus\/wp-json\/wp\/v2\/product\/4614","targetHints":{"allow":["GET"]}}],"collection":[{"href":"https:\/\/mouhtadiprojects.com\/Salus\/wp-json\/wp\/v2\/product"}],"about":[{"href":"https:\/\/mouhtadiprojects.com\/Salus\/wp-json\/wp\/v2\/types\/product"}],"replies":[{"embeddable":true,"href":"https:\/\/mouhtadiprojects.com\/Salus\/wp-json\/wp\/v2\/comments?post=4614"}],"version-history":[{"count":1,"href":"https:\/\/mouhtadiprojects.com\/Salus\/wp-json\/wp\/v2\/product\/4614\/revisions"}],"predecessor-version":[{"id":4615,"href":"https:\/\/mouhtadiprojects.com\/Salus\/wp-json\/wp\/v2\/product\/4614\/revisions\/4615"}],"wp:featuredmedia":[{"embeddable":true,"href":"https:\/\/mouhtadiprojects.com\/Salus\/wp-json\/wp\/v2\/media\/4543"}],"wp:attachment":[{"href":"https:\/\/mouhtadiprojects.com\/Salus\/wp-json\/wp\/v2\/media?parent=4614"}],"wp:term":[{"taxonomy":"product_brand","embeddable":true,"href":"https:\/\/mouhtadiprojects.com\/Salus\/wp-json\/wp\/v2\/product_brand?post=4614"},{"taxonomy":"product_cat","embeddable":true,"href":"https:\/\/mouhtadiprojects.com\/Salus\/wp-json\/wp\/v2\/product_cat?post=4614"},{"taxonomy":"product_tag","embeddable":true,"href":"https:\/\/mouhtadiprojects.com\/Salus\/wp-json\/wp\/v2\/product_tag?post=4614"}],"curies":[{"name":"wp","href":"https:\/\/api.w.org\/{rel}","templated":true}]}}