{"id":5471,"date":"2020-11-24T12:44:13","date_gmt":"2020-11-24T12:44:13","guid":{"rendered":"https:\/\/mouhtadiprojects.com\/Salus\/produit\/uriage-1er-change-prevention-et-soin-des-rougeurs-du-siege-100-ml\/"},"modified":"2020-11-24T12:44:15","modified_gmt":"2020-11-24T12:44:15","slug":"uriage-1er-change-prevention-et-soin-des-rougeurs-du-siege-100-ml","status":"publish","type":"product","link":"https:\/\/mouhtadiprojects.com\/Salus\/produit\/uriage-1er-change-prevention-et-soin-des-rougeurs-du-siege-100-ml\/","title":{"rendered":"URIAGE 1ER CHANGE PR\u00c9VENTION ET SOIN DES ROUGEURS DU SI\u00c8GE 100 ML"},"content":{"rendered":"","protected":false},"excerpt":{"rendered":"<p>Uriage 1er Change Pr\u00e9vention et Soin des Rougeurs du si\u00e8ge 100 ml est un soin quotidien sp\u00e9cialement formul\u00e9 pour pr\u00e9venir les rougeurs et r\u00e9parer l&#8217;\u00e9piderme fessier fragilis\u00e9.<\/p>\n","protected":false},"featured_media":5031,"comment_status":"closed","ping_status":"closed","template":"","meta":{"_acf_changed":false},"product_brand":[],"product_cat":[36],"product_tag":[],"class_list":{"0":"post-5471","1":"product","2":"type-product","3":"status-publish","4":"has-post-thumbnail","6":"product_cat-bebe-maman","7":"pa_marques-uriage","9":"first","10":"instock","11":"purchasable","12":"product-type-simple"},"acf":[],"_links":{"self":[{"href":"https:\/\/mouhtadiprojects.com\/Salus\/wp-json\/wp\/v2\/product\/5471","targetHints":{"allow":["GET"]}}],"collection":[{"href":"https:\/\/mouhtadiprojects.com\/Salus\/wp-json\/wp\/v2\/product"}],"about":[{"href":"https:\/\/mouhtadiprojects.com\/Salus\/wp-json\/wp\/v2\/types\/product"}],"replies":[{"embeddable":true,"href":"https:\/\/mouhtadiprojects.com\/Salus\/wp-json\/wp\/v2\/comments?post=5471"}],"version-history":[{"count":1,"href":"https:\/\/mouhtadiprojects.com\/Salus\/wp-json\/wp\/v2\/product\/5471\/revisions"}],"predecessor-version":[{"id":5472,"href":"https:\/\/mouhtadiprojects.com\/Salus\/wp-json\/wp\/v2\/product\/5471\/revisions\/5472"}],"wp:featuredmedia":[{"embeddable":true,"href":"https:\/\/mouhtadiprojects.com\/Salus\/wp-json\/wp\/v2\/media\/5031"}],"wp:attachment":[{"href":"https:\/\/mouhtadiprojects.com\/Salus\/wp-json\/wp\/v2\/media?parent=5471"}],"wp:term":[{"taxonomy":"product_brand","embeddable":true,"href":"https:\/\/mouhtadiprojects.com\/Salus\/wp-json\/wp\/v2\/product_brand?post=5471"},{"taxonomy":"product_cat","embeddable":true,"href":"https:\/\/mouhtadiprojects.com\/Salus\/wp-json\/wp\/v2\/product_cat?post=5471"},{"taxonomy":"product_tag","embeddable":true,"href":"https:\/\/mouhtadiprojects.com\/Salus\/wp-json\/wp\/v2\/product_tag?post=5471"}],"curies":[{"name":"wp","href":"https:\/\/api.w.org\/{rel}","templated":true}]}}