{"id":5483,"date":"2020-11-24T12:44:13","date_gmt":"2020-11-24T12:44:13","guid":{"rendered":"https:\/\/mouhtadiprojects.com\/Salus\/produit\/uriage-1ere-creme-minerale-spf50\/"},"modified":"2020-11-24T12:44:16","modified_gmt":"2020-11-24T12:44:16","slug":"uriage-1ere-creme-minerale-spf50","status":"publish","type":"product","link":"https:\/\/mouhtadiprojects.com\/Salus\/produit\/uriage-1ere-creme-minerale-spf50\/","title":{"rendered":"URIAGE 1\u00c8RE CR\u00c8ME MIN\u00c9RALE SPF50+"},"content":{"rendered":"","protected":false},"excerpt":{"rendered":"<p>Sp\u00e9cialement con\u00e7ue pour les peaux sensibles des b\u00e9b\u00e9s, cette cr\u00e8me apporte une tr\u00e8s haute protection contre les UVA et les UVB.<\/p>\n","protected":false},"featured_media":5218,"comment_status":"closed","ping_status":"closed","template":"","meta":{"_acf_changed":false},"product_brand":[],"product_cat":[36],"product_tag":[],"class_list":{"0":"post-5483","1":"product","2":"type-product","3":"status-publish","4":"has-post-thumbnail","6":"product_cat-bebe-maman","7":"pa_marques-uriage","9":"first","10":"instock","11":"purchasable","12":"product-type-simple"},"acf":[],"_links":{"self":[{"href":"https:\/\/mouhtadiprojects.com\/Salus\/wp-json\/wp\/v2\/product\/5483","targetHints":{"allow":["GET"]}}],"collection":[{"href":"https:\/\/mouhtadiprojects.com\/Salus\/wp-json\/wp\/v2\/product"}],"about":[{"href":"https:\/\/mouhtadiprojects.com\/Salus\/wp-json\/wp\/v2\/types\/product"}],"replies":[{"embeddable":true,"href":"https:\/\/mouhtadiprojects.com\/Salus\/wp-json\/wp\/v2\/comments?post=5483"}],"version-history":[{"count":1,"href":"https:\/\/mouhtadiprojects.com\/Salus\/wp-json\/wp\/v2\/product\/5483\/revisions"}],"predecessor-version":[{"id":5484,"href":"https:\/\/mouhtadiprojects.com\/Salus\/wp-json\/wp\/v2\/product\/5483\/revisions\/5484"}],"wp:featuredmedia":[{"embeddable":true,"href":"https:\/\/mouhtadiprojects.com\/Salus\/wp-json\/wp\/v2\/media\/5218"}],"wp:attachment":[{"href":"https:\/\/mouhtadiprojects.com\/Salus\/wp-json\/wp\/v2\/media?parent=5483"}],"wp:term":[{"taxonomy":"product_brand","embeddable":true,"href":"https:\/\/mouhtadiprojects.com\/Salus\/wp-json\/wp\/v2\/product_brand?post=5483"},{"taxonomy":"product_cat","embeddable":true,"href":"https:\/\/mouhtadiprojects.com\/Salus\/wp-json\/wp\/v2\/product_cat?post=5483"},{"taxonomy":"product_tag","embeddable":true,"href":"https:\/\/mouhtadiprojects.com\/Salus\/wp-json\/wp\/v2\/product_tag?post=5483"}],"curies":[{"name":"wp","href":"https:\/\/api.w.org\/{rel}","templated":true}]}}