{"id":5491,"date":"2020-11-24T12:44:13","date_gmt":"2020-11-24T12:44:13","guid":{"rendered":"https:\/\/mouhtadiprojects.com\/Salus\/produit\/uriage-bebe-1er-lait-hydratant-500-ml\/"},"modified":"2020-11-24T12:44:18","modified_gmt":"2020-11-24T12:44:18","slug":"uriage-bebe-1er-lait-hydratant-500-ml","status":"publish","type":"product","link":"https:\/\/mouhtadiprojects.com\/Salus\/produit\/uriage-bebe-1er-lait-hydratant-500-ml\/","title":{"rendered":"URIAGE B\u00c9B\u00c9 1ER LAIT HYDRATANT 500 ML"},"content":{"rendered":"","protected":false},"excerpt":{"rendered":"<p>Uriage B\u00e9b\u00e9 1er Lait Hydratant 500 ml est un lait fluide et l\u00e9ger id\u00e9al pour l&#8217;hydratation de la peau de b\u00e9b\u00e9. Il restaure le confort de la peau parfois dess\u00e9ch\u00e9e par le frottement des v\u00eatements, l&#8217;eau calcaire, le climat,\u2026<\/p>\n","protected":false},"featured_media":5226,"comment_status":"closed","ping_status":"closed","template":"","meta":{"_acf_changed":false},"product_brand":[],"product_cat":[36],"product_tag":[],"class_list":{"0":"post-5491","1":"product","2":"type-product","3":"status-publish","4":"has-post-thumbnail","6":"product_cat-bebe-maman","7":"pa_marques-uriage","9":"first","10":"instock","11":"purchasable","12":"product-type-simple"},"acf":[],"_links":{"self":[{"href":"https:\/\/mouhtadiprojects.com\/Salus\/wp-json\/wp\/v2\/product\/5491","targetHints":{"allow":["GET"]}}],"collection":[{"href":"https:\/\/mouhtadiprojects.com\/Salus\/wp-json\/wp\/v2\/product"}],"about":[{"href":"https:\/\/mouhtadiprojects.com\/Salus\/wp-json\/wp\/v2\/types\/product"}],"replies":[{"embeddable":true,"href":"https:\/\/mouhtadiprojects.com\/Salus\/wp-json\/wp\/v2\/comments?post=5491"}],"version-history":[{"count":1,"href":"https:\/\/mouhtadiprojects.com\/Salus\/wp-json\/wp\/v2\/product\/5491\/revisions"}],"predecessor-version":[{"id":5492,"href":"https:\/\/mouhtadiprojects.com\/Salus\/wp-json\/wp\/v2\/product\/5491\/revisions\/5492"}],"wp:featuredmedia":[{"embeddable":true,"href":"https:\/\/mouhtadiprojects.com\/Salus\/wp-json\/wp\/v2\/media\/5226"}],"wp:attachment":[{"href":"https:\/\/mouhtadiprojects.com\/Salus\/wp-json\/wp\/v2\/media?parent=5491"}],"wp:term":[{"taxonomy":"product_brand","embeddable":true,"href":"https:\/\/mouhtadiprojects.com\/Salus\/wp-json\/wp\/v2\/product_brand?post=5491"},{"taxonomy":"product_cat","embeddable":true,"href":"https:\/\/mouhtadiprojects.com\/Salus\/wp-json\/wp\/v2\/product_cat?post=5491"},{"taxonomy":"product_tag","embeddable":true,"href":"https:\/\/mouhtadiprojects.com\/Salus\/wp-json\/wp\/v2\/product_tag?post=5491"}],"curies":[{"name":"wp","href":"https:\/\/api.w.org\/{rel}","templated":true}]}}