{"id":6205,"date":"2020-11-26T13:45:53","date_gmt":"2020-11-26T13:45:53","guid":{"rendered":"https:\/\/mouhtadiprojects.com\/Salus\/produit\/avent-anneau-dentition-elephant-3mois\/"},"modified":"2020-11-26T13:45:58","modified_gmt":"2020-11-26T13:45:58","slug":"avent-anneau-dentition-elephant-3mois","status":"publish","type":"product","link":"https:\/\/mouhtadiprojects.com\/Salus\/produit\/avent-anneau-dentition-elephant-3mois\/","title":{"rendered":"AVENT ANNEAU DENTITION ELEPHANT &#8211; 3MOIS+"},"content":{"rendered":"","protected":false},"excerpt":{"rendered":"<p>L&#8217;anneau de dentition Avent est con\u00e7u pour soulager les douleurs li\u00e9es au pouss\u00e9es dentaires. Sa conception est adapt\u00e9e au dents de devant, du milieu et du fond.<br \/>\n&#8211; Diff\u00e9rentes textures: soulage et masse les gencives douloureuses. &#8211; Ergonomique: l\u00e9ger et facile \u00e0 attraper pour b\u00e9b\u00e9.<br \/>\n&#8211; Facile \u00e0 nettoyer: rincez-le simplement sous l&#8217;eau, ou st\u00e9rilisez-le. &#8211; Peut \u00eatre refroidi: mettez-le au r\u00e9frig\u00e9rateur pour plus de confort. L&#8217;anneau de dentition Avent est con\u00e7u pour r\u00e9pondre aux diff\u00e9rents stades de d\u00e9veloppement bucco-dentaires des b\u00e9b\u00e9s. Les Anneaux De Dentition Philips Avent ne contiennent ni BPA ni phtalates.<\/p>\n","protected":false},"featured_media":4713,"comment_status":"closed","ping_status":"closed","template":"","meta":{"_acf_changed":false},"product_brand":[],"product_cat":[36],"product_tag":[],"class_list":{"0":"post-6205","1":"product","2":"type-product","3":"status-publish","4":"has-post-thumbnail","6":"product_cat-bebe-maman","7":"pa_marques-avent","9":"first","10":"instock","11":"purchasable","12":"product-type-simple"},"acf":[],"_links":{"self":[{"href":"https:\/\/mouhtadiprojects.com\/Salus\/wp-json\/wp\/v2\/product\/6205","targetHints":{"allow":["GET"]}}],"collection":[{"href":"https:\/\/mouhtadiprojects.com\/Salus\/wp-json\/wp\/v2\/product"}],"about":[{"href":"https:\/\/mouhtadiprojects.com\/Salus\/wp-json\/wp\/v2\/types\/product"}],"replies":[{"embeddable":true,"href":"https:\/\/mouhtadiprojects.com\/Salus\/wp-json\/wp\/v2\/comments?post=6205"}],"version-history":[{"count":1,"href":"https:\/\/mouhtadiprojects.com\/Salus\/wp-json\/wp\/v2\/product\/6205\/revisions"}],"predecessor-version":[{"id":6206,"href":"https:\/\/mouhtadiprojects.com\/Salus\/wp-json\/wp\/v2\/product\/6205\/revisions\/6206"}],"wp:featuredmedia":[{"embeddable":true,"href":"https:\/\/mouhtadiprojects.com\/Salus\/wp-json\/wp\/v2\/media\/4713"}],"wp:attachment":[{"href":"https:\/\/mouhtadiprojects.com\/Salus\/wp-json\/wp\/v2\/media?parent=6205"}],"wp:term":[{"taxonomy":"product_brand","embeddable":true,"href":"https:\/\/mouhtadiprojects.com\/Salus\/wp-json\/wp\/v2\/product_brand?post=6205"},{"taxonomy":"product_cat","embeddable":true,"href":"https:\/\/mouhtadiprojects.com\/Salus\/wp-json\/wp\/v2\/product_cat?post=6205"},{"taxonomy":"product_tag","embeddable":true,"href":"https:\/\/mouhtadiprojects.com\/Salus\/wp-json\/wp\/v2\/product_tag?post=6205"}],"curies":[{"name":"wp","href":"https:\/\/api.w.org\/{rel}","templated":true}]}}