{"id":6287,"date":"2020-11-26T13:46:24","date_gmt":"2020-11-26T13:46:24","guid":{"rendered":"https:\/\/mouhtadiprojects.com\/Salus\/produit\/avent-2-tetine-natural-0-mois\/"},"modified":"2020-11-26T13:46:25","modified_gmt":"2020-11-26T13:46:25","slug":"avent-2-tetine-natural-0-mois","status":"publish","type":"product","link":"https:\/\/mouhtadiprojects.com\/Salus\/produit\/avent-2-tetine-natural-0-mois\/","title":{"rendered":"AVENT 2 T\u00c9TINE NATURAL 0 MOIS+"},"content":{"rendered":"","protected":false},"excerpt":{"rendered":"<p>La nouvelle t\u00e9tine rend l&#8217;allaitement au biberon plus naturel, pour b\u00e9b\u00e9 et pour vous. Les alv\u00e9oles exclusives de la t\u00e9tine permettent au b\u00e9b\u00e9 de t\u00e9ter comme au sein, ce qui facilite l&#8217;alternance sein\/biberon.<\/p>\n","protected":false},"featured_media":5989,"comment_status":"closed","ping_status":"closed","template":"","meta":{"_acf_changed":false},"product_brand":[],"product_cat":[36],"product_tag":[],"class_list":{"0":"post-6287","1":"product","2":"type-product","3":"status-publish","4":"has-post-thumbnail","6":"product_cat-bebe-maman","7":"pa_marques-avent","9":"first","10":"instock","11":"purchasable","12":"product-type-simple"},"acf":[],"_links":{"self":[{"href":"https:\/\/mouhtadiprojects.com\/Salus\/wp-json\/wp\/v2\/product\/6287","targetHints":{"allow":["GET"]}}],"collection":[{"href":"https:\/\/mouhtadiprojects.com\/Salus\/wp-json\/wp\/v2\/product"}],"about":[{"href":"https:\/\/mouhtadiprojects.com\/Salus\/wp-json\/wp\/v2\/types\/product"}],"replies":[{"embeddable":true,"href":"https:\/\/mouhtadiprojects.com\/Salus\/wp-json\/wp\/v2\/comments?post=6287"}],"version-history":[{"count":1,"href":"https:\/\/mouhtadiprojects.com\/Salus\/wp-json\/wp\/v2\/product\/6287\/revisions"}],"predecessor-version":[{"id":6288,"href":"https:\/\/mouhtadiprojects.com\/Salus\/wp-json\/wp\/v2\/product\/6287\/revisions\/6288"}],"wp:featuredmedia":[{"embeddable":true,"href":"https:\/\/mouhtadiprojects.com\/Salus\/wp-json\/wp\/v2\/media\/5989"}],"wp:attachment":[{"href":"https:\/\/mouhtadiprojects.com\/Salus\/wp-json\/wp\/v2\/media?parent=6287"}],"wp:term":[{"taxonomy":"product_brand","embeddable":true,"href":"https:\/\/mouhtadiprojects.com\/Salus\/wp-json\/wp\/v2\/product_brand?post=6287"},{"taxonomy":"product_cat","embeddable":true,"href":"https:\/\/mouhtadiprojects.com\/Salus\/wp-json\/wp\/v2\/product_cat?post=6287"},{"taxonomy":"product_tag","embeddable":true,"href":"https:\/\/mouhtadiprojects.com\/Salus\/wp-json\/wp\/v2\/product_tag?post=6287"}],"curies":[{"name":"wp","href":"https:\/\/api.w.org\/{rel}","templated":true}]}}