{"id":6289,"date":"2020-11-26T13:46:24","date_gmt":"2020-11-26T13:46:24","guid":{"rendered":"https:\/\/mouhtadiprojects.com\/Salus\/produit\/avent-2-tetine-natural-1-mois\/"},"modified":"2020-11-26T13:46:25","modified_gmt":"2020-11-26T13:46:25","slug":"avent-2-tetine-natural-1-mois","status":"publish","type":"product","link":"https:\/\/mouhtadiprojects.com\/Salus\/produit\/avent-2-tetine-natural-1-mois\/","title":{"rendered":"AVENT 2 T\u00c9TINE NATURAL 1 MOIS+"},"content":{"rendered":"","protected":false},"excerpt":{"rendered":"<p>Le biberon naturel comme le sein maternel<br \/>\nT\u00e9tine \u00e0 alv\u00e9oles Philips AVENT<\/p>\n","protected":false},"featured_media":5991,"comment_status":"closed","ping_status":"closed","template":"","meta":{"_acf_changed":false},"product_brand":[],"product_cat":[36],"product_tag":[],"class_list":{"0":"post-6289","1":"product","2":"type-product","3":"status-publish","4":"has-post-thumbnail","6":"product_cat-bebe-maman","7":"pa_marques-avent","9":"first","10":"instock","11":"purchasable","12":"product-type-simple"},"acf":[],"_links":{"self":[{"href":"https:\/\/mouhtadiprojects.com\/Salus\/wp-json\/wp\/v2\/product\/6289","targetHints":{"allow":["GET"]}}],"collection":[{"href":"https:\/\/mouhtadiprojects.com\/Salus\/wp-json\/wp\/v2\/product"}],"about":[{"href":"https:\/\/mouhtadiprojects.com\/Salus\/wp-json\/wp\/v2\/types\/product"}],"replies":[{"embeddable":true,"href":"https:\/\/mouhtadiprojects.com\/Salus\/wp-json\/wp\/v2\/comments?post=6289"}],"version-history":[{"count":1,"href":"https:\/\/mouhtadiprojects.com\/Salus\/wp-json\/wp\/v2\/product\/6289\/revisions"}],"predecessor-version":[{"id":6290,"href":"https:\/\/mouhtadiprojects.com\/Salus\/wp-json\/wp\/v2\/product\/6289\/revisions\/6290"}],"wp:featuredmedia":[{"embeddable":true,"href":"https:\/\/mouhtadiprojects.com\/Salus\/wp-json\/wp\/v2\/media\/5991"}],"wp:attachment":[{"href":"https:\/\/mouhtadiprojects.com\/Salus\/wp-json\/wp\/v2\/media?parent=6289"}],"wp:term":[{"taxonomy":"product_brand","embeddable":true,"href":"https:\/\/mouhtadiprojects.com\/Salus\/wp-json\/wp\/v2\/product_brand?post=6289"},{"taxonomy":"product_cat","embeddable":true,"href":"https:\/\/mouhtadiprojects.com\/Salus\/wp-json\/wp\/v2\/product_cat?post=6289"},{"taxonomy":"product_tag","embeddable":true,"href":"https:\/\/mouhtadiprojects.com\/Salus\/wp-json\/wp\/v2\/product_tag?post=6289"}],"curies":[{"name":"wp","href":"https:\/\/api.w.org\/{rel}","templated":true}]}}