{"id":6699,"date":"2020-11-27T14:09:41","date_gmt":"2020-11-27T14:09:41","guid":{"rendered":"https:\/\/mouhtadiprojects.com\/Salus\/produit\/ducray-neoptide-lotion-capillaire-antichute-hommes-100-ml\/"},"modified":"2020-11-27T14:09:45","modified_gmt":"2020-11-27T14:09:45","slug":"ducray-neoptide-lotion-capillaire-antichute-hommes-100-ml","status":"publish","type":"product","link":"https:\/\/mouhtadiprojects.com\/Salus\/produit\/ducray-neoptide-lotion-capillaire-antichute-hommes-100-ml\/","title":{"rendered":"DUCRAY NEOPTIDE LOTION CAPILLAIRE ANTICHUTE HOMMES 100 ML"},"content":{"rendered":"","protected":false},"excerpt":{"rendered":"<p>Ducray Neoptide Lotion Capillaire Antichute Hommes 100 ml a \u00e9t\u00e9 sp\u00e9cialement con\u00e7ue pour la chute de cheveux chronique masculine.<\/p>\n","protected":false},"featured_media":6463,"comment_status":"closed","ping_status":"closed","template":"","meta":{"_acf_changed":false},"product_brand":[],"product_cat":[35,34],"product_tag":[],"class_list":{"0":"post-6699","1":"product","2":"type-product","3":"status-publish","4":"has-post-thumbnail","6":"product_cat-cheveux","7":"product_cat-homme","8":"pa_marques-ducray","10":"first","11":"instock","12":"purchasable","13":"product-type-simple"},"acf":[],"_links":{"self":[{"href":"https:\/\/mouhtadiprojects.com\/Salus\/wp-json\/wp\/v2\/product\/6699","targetHints":{"allow":["GET"]}}],"collection":[{"href":"https:\/\/mouhtadiprojects.com\/Salus\/wp-json\/wp\/v2\/product"}],"about":[{"href":"https:\/\/mouhtadiprojects.com\/Salus\/wp-json\/wp\/v2\/types\/product"}],"replies":[{"embeddable":true,"href":"https:\/\/mouhtadiprojects.com\/Salus\/wp-json\/wp\/v2\/comments?post=6699"}],"version-history":[{"count":1,"href":"https:\/\/mouhtadiprojects.com\/Salus\/wp-json\/wp\/v2\/product\/6699\/revisions"}],"predecessor-version":[{"id":6700,"href":"https:\/\/mouhtadiprojects.com\/Salus\/wp-json\/wp\/v2\/product\/6699\/revisions\/6700"}],"wp:featuredmedia":[{"embeddable":true,"href":"https:\/\/mouhtadiprojects.com\/Salus\/wp-json\/wp\/v2\/media\/6463"}],"wp:attachment":[{"href":"https:\/\/mouhtadiprojects.com\/Salus\/wp-json\/wp\/v2\/media?parent=6699"}],"wp:term":[{"taxonomy":"product_brand","embeddable":true,"href":"https:\/\/mouhtadiprojects.com\/Salus\/wp-json\/wp\/v2\/product_brand?post=6699"},{"taxonomy":"product_cat","embeddable":true,"href":"https:\/\/mouhtadiprojects.com\/Salus\/wp-json\/wp\/v2\/product_cat?post=6699"},{"taxonomy":"product_tag","embeddable":true,"href":"https:\/\/mouhtadiprojects.com\/Salus\/wp-json\/wp\/v2\/product_tag?post=6699"}],"curies":[{"name":"wp","href":"https:\/\/api.w.org\/{rel}","templated":true}]}}