{"id":6862,"date":"2020-11-28T13:20:49","date_gmt":"2020-11-28T13:20:49","guid":{"rendered":"https:\/\/mouhtadiprojects.com\/Salus\/produit\/nuxe-men-gel-douche-multi-usages-200-ml\/"},"modified":"2020-11-28T13:20:50","modified_gmt":"2020-11-28T13:20:50","slug":"nuxe-men-gel-douche-multi-usages-200-ml","status":"publish","type":"product","link":"https:\/\/mouhtadiprojects.com\/Salus\/produit\/nuxe-men-gel-douche-multi-usages-200-ml\/","title":{"rendered":"NUXE MEN GEL DOUCHE MULTI-USAGES 200 ML"},"content":{"rendered":"","protected":false},"excerpt":{"rendered":"<p>Le Gel Douche Multi-Usagee Nuxe Men nettoie le corps, le visage et les cheveux. Aux extraits de Ch\u00eane et de Charme, il convient \u00e0 toutes les peaux, m\u00eame sensibles.<\/p>\n","protected":false},"featured_media":6777,"comment_status":"closed","ping_status":"closed","template":"","meta":{"_acf_changed":false},"product_brand":[],"product_cat":[23,34],"product_tag":[],"class_list":{"0":"post-6862","1":"product","2":"type-product","3":"status-publish","4":"has-post-thumbnail","6":"product_cat-visage","7":"product_cat-homme","8":"pa_marques-nuxe","10":"first","11":"instock","12":"purchasable","13":"product-type-simple"},"acf":[],"_links":{"self":[{"href":"https:\/\/mouhtadiprojects.com\/Salus\/wp-json\/wp\/v2\/product\/6862","targetHints":{"allow":["GET"]}}],"collection":[{"href":"https:\/\/mouhtadiprojects.com\/Salus\/wp-json\/wp\/v2\/product"}],"about":[{"href":"https:\/\/mouhtadiprojects.com\/Salus\/wp-json\/wp\/v2\/types\/product"}],"replies":[{"embeddable":true,"href":"https:\/\/mouhtadiprojects.com\/Salus\/wp-json\/wp\/v2\/comments?post=6862"}],"version-history":[{"count":1,"href":"https:\/\/mouhtadiprojects.com\/Salus\/wp-json\/wp\/v2\/product\/6862\/revisions"}],"predecessor-version":[{"id":6863,"href":"https:\/\/mouhtadiprojects.com\/Salus\/wp-json\/wp\/v2\/product\/6862\/revisions\/6863"}],"wp:featuredmedia":[{"embeddable":true,"href":"https:\/\/mouhtadiprojects.com\/Salus\/wp-json\/wp\/v2\/media\/6777"}],"wp:attachment":[{"href":"https:\/\/mouhtadiprojects.com\/Salus\/wp-json\/wp\/v2\/media?parent=6862"}],"wp:term":[{"taxonomy":"product_brand","embeddable":true,"href":"https:\/\/mouhtadiprojects.com\/Salus\/wp-json\/wp\/v2\/product_brand?post=6862"},{"taxonomy":"product_cat","embeddable":true,"href":"https:\/\/mouhtadiprojects.com\/Salus\/wp-json\/wp\/v2\/product_cat?post=6862"},{"taxonomy":"product_tag","embeddable":true,"href":"https:\/\/mouhtadiprojects.com\/Salus\/wp-json\/wp\/v2\/product_tag?post=6862"}],"curies":[{"name":"wp","href":"https:\/\/api.w.org\/{rel}","templated":true}]}}