{"id":6982,"date":"2020-11-28T13:21:16","date_gmt":"2020-11-28T13:21:16","guid":{"rendered":"https:\/\/mouhtadiprojects.com\/Salus\/produit\/manix-gel-lubrifiant-infiniti-100-ml\/"},"modified":"2020-11-28T13:21:17","modified_gmt":"2020-11-28T13:21:17","slug":"manix-gel-lubrifiant-infiniti-100-ml","status":"publish","type":"product","link":"https:\/\/mouhtadiprojects.com\/Salus\/produit\/manix-gel-lubrifiant-infiniti-100-ml\/","title":{"rendered":"MANIX GEL LUBRIFIANT INFINITI 100 ML"},"content":{"rendered":"","protected":false},"excerpt":{"rendered":"<p>Manix Infiniti Gel Lubrifiant 100 ml ne s\u00e8che pas et ne colle pas. Ce gel lubrifiant haut de gamme est \u00e0 base de silicone, sa composition est l\u00e9g\u00e8re et d\u00e9veloppe une sensation soyeuse et extr\u00eamement douce.<\/p>\n","protected":false},"featured_media":6797,"comment_status":"closed","ping_status":"closed","template":"","meta":{"_acf_changed":false},"product_brand":[],"product_cat":[34],"product_tag":[],"class_list":{"0":"post-6982","1":"product","2":"type-product","3":"status-publish","4":"has-post-thumbnail","6":"product_cat-homme","7":"pa_marques-manix","9":"first","10":"instock","11":"purchasable","12":"product-type-simple"},"acf":[],"_links":{"self":[{"href":"https:\/\/mouhtadiprojects.com\/Salus\/wp-json\/wp\/v2\/product\/6982","targetHints":{"allow":["GET"]}}],"collection":[{"href":"https:\/\/mouhtadiprojects.com\/Salus\/wp-json\/wp\/v2\/product"}],"about":[{"href":"https:\/\/mouhtadiprojects.com\/Salus\/wp-json\/wp\/v2\/types\/product"}],"replies":[{"embeddable":true,"href":"https:\/\/mouhtadiprojects.com\/Salus\/wp-json\/wp\/v2\/comments?post=6982"}],"version-history":[{"count":1,"href":"https:\/\/mouhtadiprojects.com\/Salus\/wp-json\/wp\/v2\/product\/6982\/revisions"}],"predecessor-version":[{"id":6983,"href":"https:\/\/mouhtadiprojects.com\/Salus\/wp-json\/wp\/v2\/product\/6982\/revisions\/6983"}],"wp:featuredmedia":[{"embeddable":true,"href":"https:\/\/mouhtadiprojects.com\/Salus\/wp-json\/wp\/v2\/media\/6797"}],"wp:attachment":[{"href":"https:\/\/mouhtadiprojects.com\/Salus\/wp-json\/wp\/v2\/media?parent=6982"}],"wp:term":[{"taxonomy":"product_brand","embeddable":true,"href":"https:\/\/mouhtadiprojects.com\/Salus\/wp-json\/wp\/v2\/product_brand?post=6982"},{"taxonomy":"product_cat","embeddable":true,"href":"https:\/\/mouhtadiprojects.com\/Salus\/wp-json\/wp\/v2\/product_cat?post=6982"},{"taxonomy":"product_tag","embeddable":true,"href":"https:\/\/mouhtadiprojects.com\/Salus\/wp-json\/wp\/v2\/product_tag?post=6982"}],"curies":[{"name":"wp","href":"https:\/\/api.w.org\/{rel}","templated":true}]}}