{"id":6986,"date":"2020-11-28T13:21:16","date_gmt":"2020-11-28T13:21:16","guid":{"rendered":"https:\/\/mouhtadiprojects.com\/Salus\/produit\/manix-gel-lubrifiant-effect-100ml\/"},"modified":"2020-11-28T13:21:17","modified_gmt":"2020-11-28T13:21:17","slug":"manix-gel-lubrifiant-effect-100ml","status":"publish","type":"product","link":"https:\/\/mouhtadiprojects.com\/Salus\/produit\/manix-gel-lubrifiant-effect-100ml\/","title":{"rendered":"MANIX GEL LUBRIFIANT EFFECT 100ML"},"content":{"rendered":"","protected":false},"excerpt":{"rendered":"<p>Manix Effect Gel Lubrifiant 100 ml est un gel \u00e0 haut pouvoir lubrifiant dont la formulation offre une douce sensation de chaleur pour une plus grande stimulation.<br \/>\nCe gel \u00e0 base d\u2019eau est enrichi en glyc\u00e9rine et en propyl\u00e8ne glycol pour g\u00e9n\u00e9rer naturellement un effet chauffant, dont l\u2019intensit\u00e9 peut varier d\u2019une personne \u00e0 l\u2019autre.<br \/>\nGel non gras, inodore et incolore. Effet chauffant et formule onctueuse, pour un maximum de plaisir \u00e0 2. Le lubrifiant Manix Voile de Chaleur est compatible avec les pr\u00e9servatifs et se rince facilement.<\/p>\n","protected":false},"featured_media":6800,"comment_status":"closed","ping_status":"closed","template":"","meta":{"_acf_changed":false},"product_brand":[],"product_cat":[34],"product_tag":[],"class_list":{"0":"post-6986","1":"product","2":"type-product","3":"status-publish","4":"has-post-thumbnail","6":"product_cat-homme","7":"pa_marques-manix","9":"first","10":"instock","11":"purchasable","12":"product-type-simple"},"acf":[],"_links":{"self":[{"href":"https:\/\/mouhtadiprojects.com\/Salus\/wp-json\/wp\/v2\/product\/6986","targetHints":{"allow":["GET"]}}],"collection":[{"href":"https:\/\/mouhtadiprojects.com\/Salus\/wp-json\/wp\/v2\/product"}],"about":[{"href":"https:\/\/mouhtadiprojects.com\/Salus\/wp-json\/wp\/v2\/types\/product"}],"replies":[{"embeddable":true,"href":"https:\/\/mouhtadiprojects.com\/Salus\/wp-json\/wp\/v2\/comments?post=6986"}],"version-history":[{"count":1,"href":"https:\/\/mouhtadiprojects.com\/Salus\/wp-json\/wp\/v2\/product\/6986\/revisions"}],"predecessor-version":[{"id":6987,"href":"https:\/\/mouhtadiprojects.com\/Salus\/wp-json\/wp\/v2\/product\/6986\/revisions\/6987"}],"wp:featuredmedia":[{"embeddable":true,"href":"https:\/\/mouhtadiprojects.com\/Salus\/wp-json\/wp\/v2\/media\/6800"}],"wp:attachment":[{"href":"https:\/\/mouhtadiprojects.com\/Salus\/wp-json\/wp\/v2\/media?parent=6986"}],"wp:term":[{"taxonomy":"product_brand","embeddable":true,"href":"https:\/\/mouhtadiprojects.com\/Salus\/wp-json\/wp\/v2\/product_brand?post=6986"},{"taxonomy":"product_cat","embeddable":true,"href":"https:\/\/mouhtadiprojects.com\/Salus\/wp-json\/wp\/v2\/product_cat?post=6986"},{"taxonomy":"product_tag","embeddable":true,"href":"https:\/\/mouhtadiprojects.com\/Salus\/wp-json\/wp\/v2\/product_tag?post=6986"}],"curies":[{"name":"wp","href":"https:\/\/api.w.org\/{rel}","templated":true}]}}