{"id":6996,"date":"2020-11-28T13:21:16","date_gmt":"2020-11-28T13:21:16","guid":{"rendered":"https:\/\/mouhtadiprojects.com\/Salus\/produit\/manix-orgazmax-boite-14\/"},"modified":"2020-11-28T13:21:19","modified_gmt":"2020-11-28T13:21:19","slug":"manix-orgazmax-boite-14","status":"publish","type":"product","link":"https:\/\/mouhtadiprojects.com\/Salus\/produit\/manix-orgazmax-boite-14\/","title":{"rendered":"MANIX ORGAZMAX BOITE 14"},"content":{"rendered":"","protected":false},"excerpt":{"rendered":"<p>MANIX Orgazmax texture maxi perl\u00e9e pr\u00e9servatifs \u00e0 texture orgasmique. Ses reliefs de nouvelle g\u00e9n\u00e9ration sont ultra-stimulants. Leur forme et leur taille ont \u00e9t\u00e9 d\u00e9finies pour vous procurer un plaisir incomparable<\/p>\n","protected":false},"featured_media":6807,"comment_status":"closed","ping_status":"closed","template":"","meta":{"_acf_changed":false},"product_brand":[],"product_cat":[34],"product_tag":[],"class_list":{"0":"post-6996","1":"product","2":"type-product","3":"status-publish","4":"has-post-thumbnail","6":"product_cat-homme","7":"pa_marques-manix","9":"first","10":"instock","11":"purchasable","12":"product-type-simple"},"acf":[],"_links":{"self":[{"href":"https:\/\/mouhtadiprojects.com\/Salus\/wp-json\/wp\/v2\/product\/6996","targetHints":{"allow":["GET"]}}],"collection":[{"href":"https:\/\/mouhtadiprojects.com\/Salus\/wp-json\/wp\/v2\/product"}],"about":[{"href":"https:\/\/mouhtadiprojects.com\/Salus\/wp-json\/wp\/v2\/types\/product"}],"replies":[{"embeddable":true,"href":"https:\/\/mouhtadiprojects.com\/Salus\/wp-json\/wp\/v2\/comments?post=6996"}],"version-history":[{"count":1,"href":"https:\/\/mouhtadiprojects.com\/Salus\/wp-json\/wp\/v2\/product\/6996\/revisions"}],"predecessor-version":[{"id":6997,"href":"https:\/\/mouhtadiprojects.com\/Salus\/wp-json\/wp\/v2\/product\/6996\/revisions\/6997"}],"wp:featuredmedia":[{"embeddable":true,"href":"https:\/\/mouhtadiprojects.com\/Salus\/wp-json\/wp\/v2\/media\/6807"}],"wp:attachment":[{"href":"https:\/\/mouhtadiprojects.com\/Salus\/wp-json\/wp\/v2\/media?parent=6996"}],"wp:term":[{"taxonomy":"product_brand","embeddable":true,"href":"https:\/\/mouhtadiprojects.com\/Salus\/wp-json\/wp\/v2\/product_brand?post=6996"},{"taxonomy":"product_cat","embeddable":true,"href":"https:\/\/mouhtadiprojects.com\/Salus\/wp-json\/wp\/v2\/product_cat?post=6996"},{"taxonomy":"product_tag","embeddable":true,"href":"https:\/\/mouhtadiprojects.com\/Salus\/wp-json\/wp\/v2\/product_tag?post=6996"}],"curies":[{"name":"wp","href":"https:\/\/api.w.org\/{rel}","templated":true}]}}