{"id":7004,"date":"2020-11-28T13:21:16","date_gmt":"2020-11-28T13:21:16","guid":{"rendered":"https:\/\/mouhtadiprojects.com\/Salus\/produit\/manix-skyn-original-boite-3\/"},"modified":"2020-11-28T13:21:20","modified_gmt":"2020-11-28T13:21:20","slug":"manix-skyn-original-boite-3","status":"publish","type":"product","link":"https:\/\/mouhtadiprojects.com\/Salus\/produit\/manix-skyn-original-boite-3\/","title":{"rendered":"MANIX SKYN ORIGINAL BOITE 3"},"content":{"rendered":"","protected":false},"excerpt":{"rendered":"<p>D\u00e9couvre ce pr\u00e9servatif r\u00e9volutionnaire con\u00e7u en polyisopr\u00e8ne, la mati\u00e8re presque imperceptible.<\/p>\n","protected":false},"featured_media":6814,"comment_status":"closed","ping_status":"closed","template":"","meta":{"_acf_changed":false},"product_brand":[],"product_cat":[34],"product_tag":[],"class_list":{"0":"post-7004","1":"product","2":"type-product","3":"status-publish","4":"has-post-thumbnail","6":"product_cat-homme","7":"pa_marques-manix","9":"first","10":"instock","11":"purchasable","12":"product-type-simple"},"acf":[],"_links":{"self":[{"href":"https:\/\/mouhtadiprojects.com\/Salus\/wp-json\/wp\/v2\/product\/7004","targetHints":{"allow":["GET"]}}],"collection":[{"href":"https:\/\/mouhtadiprojects.com\/Salus\/wp-json\/wp\/v2\/product"}],"about":[{"href":"https:\/\/mouhtadiprojects.com\/Salus\/wp-json\/wp\/v2\/types\/product"}],"replies":[{"embeddable":true,"href":"https:\/\/mouhtadiprojects.com\/Salus\/wp-json\/wp\/v2\/comments?post=7004"}],"version-history":[{"count":1,"href":"https:\/\/mouhtadiprojects.com\/Salus\/wp-json\/wp\/v2\/product\/7004\/revisions"}],"predecessor-version":[{"id":7005,"href":"https:\/\/mouhtadiprojects.com\/Salus\/wp-json\/wp\/v2\/product\/7004\/revisions\/7005"}],"wp:featuredmedia":[{"embeddable":true,"href":"https:\/\/mouhtadiprojects.com\/Salus\/wp-json\/wp\/v2\/media\/6814"}],"wp:attachment":[{"href":"https:\/\/mouhtadiprojects.com\/Salus\/wp-json\/wp\/v2\/media?parent=7004"}],"wp:term":[{"taxonomy":"product_brand","embeddable":true,"href":"https:\/\/mouhtadiprojects.com\/Salus\/wp-json\/wp\/v2\/product_brand?post=7004"},{"taxonomy":"product_cat","embeddable":true,"href":"https:\/\/mouhtadiprojects.com\/Salus\/wp-json\/wp\/v2\/product_cat?post=7004"},{"taxonomy":"product_tag","embeddable":true,"href":"https:\/\/mouhtadiprojects.com\/Salus\/wp-json\/wp\/v2\/product_tag?post=7004"}],"curies":[{"name":"wp","href":"https:\/\/api.w.org\/{rel}","templated":true}]}}