{"id":7006,"date":"2020-11-28T13:21:16","date_gmt":"2020-11-28T13:21:16","guid":{"rendered":"https:\/\/mouhtadiprojects.com\/Salus\/produit\/manix-super-boite-14\/"},"modified":"2020-11-28T13:21:20","modified_gmt":"2020-11-28T13:21:20","slug":"manix-super-boite-14","status":"publish","type":"product","link":"https:\/\/mouhtadiprojects.com\/Salus\/produit\/manix-super-boite-14\/","title":{"rendered":"MANIX SUPER BOITE 14"},"content":{"rendered":"","protected":false},"excerpt":{"rendered":"<p>Super Easy-Fit est le pr\u00e9servatif Manix de r\u00e9f\u00e9rence. Tr\u00e8s pratique, il allie le plaisir et les sensations naturelles du caoutchouc en toute s\u00e9curit\u00e9. Le pr\u00e9servatif est un moyen s\u00fbr et efficace de lutter contre les maladies sexuellement transmissibles mais \u00e9galement un moyen de contraception pour se prot\u00e9ger de la survenue d\u2019une grossesse non d\u00e9sir\u00e9e.<\/p>\n","protected":false},"featured_media":6815,"comment_status":"closed","ping_status":"closed","template":"","meta":{"_acf_changed":false},"product_brand":[],"product_cat":[34],"product_tag":[],"class_list":{"0":"post-7006","1":"product","2":"type-product","3":"status-publish","4":"has-post-thumbnail","6":"product_cat-homme","7":"pa_marques-manix","9":"first","10":"instock","11":"purchasable","12":"product-type-simple"},"acf":[],"_links":{"self":[{"href":"https:\/\/mouhtadiprojects.com\/Salus\/wp-json\/wp\/v2\/product\/7006","targetHints":{"allow":["GET"]}}],"collection":[{"href":"https:\/\/mouhtadiprojects.com\/Salus\/wp-json\/wp\/v2\/product"}],"about":[{"href":"https:\/\/mouhtadiprojects.com\/Salus\/wp-json\/wp\/v2\/types\/product"}],"replies":[{"embeddable":true,"href":"https:\/\/mouhtadiprojects.com\/Salus\/wp-json\/wp\/v2\/comments?post=7006"}],"version-history":[{"count":1,"href":"https:\/\/mouhtadiprojects.com\/Salus\/wp-json\/wp\/v2\/product\/7006\/revisions"}],"predecessor-version":[{"id":7007,"href":"https:\/\/mouhtadiprojects.com\/Salus\/wp-json\/wp\/v2\/product\/7006\/revisions\/7007"}],"wp:featuredmedia":[{"embeddable":true,"href":"https:\/\/mouhtadiprojects.com\/Salus\/wp-json\/wp\/v2\/media\/6815"}],"wp:attachment":[{"href":"https:\/\/mouhtadiprojects.com\/Salus\/wp-json\/wp\/v2\/media?parent=7006"}],"wp:term":[{"taxonomy":"product_brand","embeddable":true,"href":"https:\/\/mouhtadiprojects.com\/Salus\/wp-json\/wp\/v2\/product_brand?post=7006"},{"taxonomy":"product_cat","embeddable":true,"href":"https:\/\/mouhtadiprojects.com\/Salus\/wp-json\/wp\/v2\/product_cat?post=7006"},{"taxonomy":"product_tag","embeddable":true,"href":"https:\/\/mouhtadiprojects.com\/Salus\/wp-json\/wp\/v2\/product_tag?post=7006"}],"curies":[{"name":"wp","href":"https:\/\/api.w.org\/{rel}","templated":true}]}}