{"id":1101,"date":"2019-08-04T09:04:44","date_gmt":"2019-08-04T09:04:44","guid":{"rendered":"http:\/\/mouhtadiprojects.com\/batitherm\/?page_id=1101"},"modified":"2019-12-12T10:40:09","modified_gmt":"2019-12-12T10:40:09","slug":"preparateurs-deau-chaude-et-ballons-de-stockage","status":"publish","type":"page","link":"https:\/\/mouhtadiprojects.com\/batitherm\/produits\/preparateurs-deau-chaude-et-ballons-de-stockage\/","title":{"rendered":"Pr\u00e9parateurs d\u2019eau chaude &#038; Ballons de stockage"},"content":{"rendered":"<div class=\"wpb-content-wrapper\"><p>[vc_row equal_height=\u00a0\u00bbyes\u00a0\u00bb content_placement=\u00a0\u00bbtop\u00a0\u00bb bg_type=\u00a0\u00bbbg_color\u00a0\u00bb bg_override=\u00a0\u00bbfull\u00a0\u00bb ult_hide_row=\u00a0\u00bbult_hide_row_value\u00a0\u00bb ult_hide_row_tablet_small=\u00a0\u00bbxs_tablet\u00a0\u00bb ult_hide_row_mobile=\u00a0\u00bbmobile\u00a0\u00bb ult_hide_row_mobile_large=\u00a0\u00bbxl_mobile\u00a0\u00bb bg_color_value=\u00a0\u00bb#fafafa\u00a0\u00bb][vc_column width=\u00a0\u00bb1\/6&Prime;][\/vc_column][vc_column width=\u00a0\u00bb1\/6&Prime; css=\u00a0\u00bb.vc_custom_1553530180626{margin-right: -50px !important;}\u00a0\u00bb]<div class=\"ult-animation  ult-animate-viewport  ult-no-mobile \" data-animate=\"fadeInRight\" data-animation-delay=\"0.5\" data-animation-duration=\"1\" data-animation-iteration=\"1\" style=\"opacity:0;\" data-opacity_start_effect=\"\"><div class=\"ult-just-icon-wrapper   vc_custom_1575721956776\"><div class=\"align-icon\" style=\"text-align:center;\">\n<div class=\"aio-icon-img \" style=\"font-size:50px;display:inline-block;\" >\n\t<img decoding=\"async\" class=\"img-icon\" alt=\"null\" src=\"https:\/\/mouhtadiprojects.com\/batitherm\/wp-content\/uploads\/2019\/03\/fghfgh.png\"\/>\n<\/div><\/div><\/div>[vc_column_text]<\/p>\n<h6 style=\"text-align: center;\"><span style=\"font-family: helvetica, arial, sans-serif; font-size: 11px;\">Ballons de stockage<\/span><\/h6>\n<p>[\/vc_column_text]<\/div>[\/vc_column][vc_column width=\u00a0\u00bb1\/6&Prime;]<div class=\"ult-animation  ult-animate-viewport  ult-no-mobile \" data-animate=\"fadeInRight\" data-animation-delay=\"0.5\" data-animation-duration=\"1\" data-animation-iteration=\"1\" style=\"opacity:0;\" data-opacity_start_effect=\"\"><div class=\"ult-just-icon-wrapper   vc_custom_1575721966462\"><div class=\"align-icon\" style=\"text-align:center;\">\n<div class=\"aio-icon-img \" style=\"font-size:50px;display:inline-block;\" >\n\t<img decoding=\"async\" class=\"img-icon\" alt=\"null\" src=\"https:\/\/mouhtadiprojects.com\/batitherm\/wp-content\/uploads\/2019\/10\/ballon-de-stockage_Plan-de-travail-2.png\"\/>\n<\/div><\/div><\/div>[vc_column_text]<\/p>\n<h6 style=\"text-align: center;\"><span style=\"font-family: helvetica, arial, sans-serif; font-size: 11px;\">Pr\u00e9parateurs d\u2019eau chaude<br \/>\navec 1 \u00e9changeur<\/span><\/h6>\n<p>[\/vc_column_text]<\/div>[\/vc_column][vc_column width=\u00a0\u00bb1\/6&Prime;]<div class=\"ult-animation  ult-animate-viewport  ult-no-mobile \" data-animate=\"fadeInRight\" data-animation-delay=\"1\" data-animation-duration=\"1\" data-animation-iteration=\"1\" style=\"opacity:0;\" data-opacity_start_effect=\"\"><div class=\"ult-just-icon-wrapper   vc_custom_1575721984305\"><div class=\"align-icon\" style=\"text-align:center;\">\n<div class=\"aio-icon-img \" style=\"font-size:50px;display:inline-block;\" >\n\t<img decoding=\"async\" class=\"img-icon\" alt=\"null\" src=\"https:\/\/mouhtadiprojects.com\/batitherm\/wp-content\/uploads\/2019\/10\/ballon-de-stockage-02.png\"\/>\n<\/div><\/div><\/div>[vc_column_text]<\/p>\n<h6 style=\"text-align: center;\"><span style=\"font-family: helvetica, arial, sans-serif; font-size: 11px;\">Pr\u00e9parateurs d\u2019eau chaude<br \/>\navec 2 \u00e9changeur<\/span><\/h6>\n<p>[\/vc_column_text]<\/div>[\/vc_column][vc_column width=\u00a0\u00bb1\/6&Prime;]<div class=\"ult-animation  ult-animate-viewport  ult-no-mobile \" data-animate=\"fadeInRight\" data-animation-delay=\"0.5\" data-animation-duration=\"1\" data-animation-iteration=\"1\" style=\"opacity:0;\" data-opacity_start_effect=\"\"><div class=\"ult-just-icon-wrapper   vc_custom_1575721993689\"><div class=\"align-icon\" style=\"text-align:center;\">\n<div class=\"aio-icon-img \" style=\"font-size:50px;display:inline-block;\" >\n\t<img decoding=\"async\" class=\"img-icon\" alt=\"null\" src=\"https:\/\/mouhtadiprojects.com\/batitherm\/wp-content\/uploads\/2019\/10\/ballon-de-stockage_Plan-de-travail-1.png\"\/>\n<\/div><\/div><\/div>[vc_column_text]<\/p>\n<h6 style=\"text-align: center;\"><span style=\"font-family: helvetica, arial, sans-serif; font-size: 11px;\">Pr\u00e9parateurs d\u2019eau chaude<br \/>\navec 3 \u00e9changeur<\/span><\/h6>\n<p>[\/vc_column_text]<\/div>[\/vc_column][vc_column width=\u00a0\u00bb1\/6&Prime;][\/vc_column][\/vc_row][vc_row full_width=\u00a0\u00bbstretch_row\u00a0\u00bb gap=\u00a0\u00bb35&Prime; equal_height=\u00a0\u00bbyes\u00a0\u00bb content_placement=\u00a0\u00bbmiddle\u00a0\u00bb bg_type=\u00a0\u00bbbg_color\u00a0\u00bb bg_override=\u00a0\u00bbfull\u00a0\u00bb][vc_column width=\u00a0\u00bb1\/2&Prime;][vc_single_image image=\u00a0\u00bb2011&Prime; img_size=\u00a0\u00bblarge\u00a0\u00bb alignment=\u00a0\u00bbcenter\u00a0\u00bb][\/vc_column][vc_column width=\u00a0\u00bb1\/2&Prime;][vc_column_text]<\/p>\n<h1>Ballons de stockage et pr\u00e9parateurs d\u2019eau chaude<\/h1>\n<h2>De 200L \u00e0 9 000L<\/h2>\n<p>Des ballons accumulateurs confin\u00e9s par un isolant thermique permettant de stocker de l\u2019eau chaude et la<br \/>\nd\u00e9livrer \u00e0 une installation sanitaire pour r\u00e9pondre \u00e0 vos besoins \u00e9nerg\u00e9tiques en eau chaude et en chauffage.<\/p>\n<p>[\/vc_column_text]<div class=\"ult-just-icon-wrapper  \"><div class=\"align-icon\" style=\"text-align:left;\">\n<div class=\"aio-icon-img \" style=\"font-size:250px;display:inline-block;\" >\n\t<img decoding=\"async\" class=\"img-icon\" alt=\"null\" src=\"https:\/\/mouhtadiprojects.com\/batitherm\/wp-content\/uploads\/2019\/10\/certification-batitherm-ballon-de-stockage.svg\"\/>\n<\/div><\/div><\/div>[vc_row_inner css=\u00a0\u00bb.vc_custom_1561025777969{padding-top: 5% !important;}\u00a0\u00bb][vc_column_inner width=\u00a0\u00bb1\/3&Prime;]<div class=\" ubtn-ctn-left \"><a class=\"ubtn-link ult-adjust-bottom-margin ubtn-left ubtn-custom \" href=\"http:\/\/mouhtadiprojects.com\/batitherm\/wp-content\/uploads\/2019\/10\/FT-BALLONS-DE-STOCKAGE-web.pdf\" target=\"_blank\" rel=\"noopener\" ><button type=\"button\" id=\"ubtn-1011\"  class=\"ubtn ult-adjust-bottom-margin ult-responsive ubtn-custom ubtn-no-hover-bg  none  ubtn-left   tooltip-69e37a775163c\"  data-hover=\"#ffffff\" data-border-color=\"\" data-bg=\"#fdb50a\" data-hover-bg=\"#ed8e00\" data-border-hover=\"\" data-shadow-hover=\"\" data-shadow-click=\"none\" data-shadow=\"\" data-shd-shadow=\"\"  data-ultimate-target='#ubtn-1011'  data-responsive-json-new='{\"font-size\":\"\",\"line-height\":\"\"}'  style=\"font-family:&#039;Lato&#039;;font-weight:700;width:190px;min-height:40px;padding:5px px;border-radius:5px;border-width:0px;border-color:;border-style:solid;background: #fdb50a;color: #ffffff;\"><span class=\"ubtn-data ubtn-icon\"><i class=\"none\" style=\"font-size:20px;color:#ffffff;\"><\/i><\/span><span class=\"ubtn-hover\" style=\"background-color:#ed8e00\"><\/span><span class=\"ubtn-data ubtn-text \" >FICHE TECHNIQUE<\/span><\/button><\/a><\/div>[\/vc_column_inner][vc_column_inner width=\u00a0\u00bb1\/3&Prime;]<div class=\" ubtn-ctn-left \"><button type=\"button\" id=\"ubtn-2269\"  class=\"ubtn ult-adjust-bottom-margin ult-responsive ubtn-custom ubtn-no-hover-bg  none  ubtn-left   tooltip-69e37a7751747\"  data-hover=\"#ffffff\" data-border-color=\"\" data-bg=\"#ed8e00\" data-hover-bg=\"#fdb50a\" data-border-hover=\"\" data-shadow-hover=\"\" data-shadow-click=\"none\" data-shadow=\"\" data-shd-shadow=\"\"  data-ultimate-target='#ubtn-2269'  data-responsive-json-new='{\"font-size\":\"\",\"line-height\":\"\"}'  style=\"font-family:&#039;Lato&#039;;font-weight:700;width:190px;min-height:40px;padding:5px px;border-radius:5px;border-width:0px;border-color:;border-style:solid;background: #ed8e00;color: #ffffff;\"><span class=\"ubtn-data ubtn-icon\"><i class=\"none\" style=\"font-size:20px;color:#ffffff;\"><\/i><\/span><span class=\"ubtn-hover\" style=\"background-color:#fdb50a\"><\/span><span class=\"ubtn-data ubtn-text \" >DEMANDER UN DEVIS<\/span><\/button><\/div>[\/vc_column_inner][vc_column_inner width=\u00a0\u00bb1\/3&Prime;][\/vc_column_inner][\/vc_row_inner][\/vc_column][\/vc_row][vc_row gap=\u00a0\u00bb30&Prime; equal_height=\u00a0\u00bbyes\u00a0\u00bb content_placement=\u00a0\u00bbmiddle\u00a0\u00bb bg_type=\u00a0\u00bbbg_color\u00a0\u00bb bg_override=\u00a0\u00bbfull\u00a0\u00bb css=\u00a0\u00bb.vc_custom_1563814105030{padding-top: 5% !important;padding-bottom: 5% !important;}\u00a0\u00bb bg_color_value=\u00a0\u00bb#fafafa\u00a0\u00bb][vc_column][vc_row_inner][vc_column_inner width=\u00a0\u00bb1\/2&Prime;]<div class=\"aio-icon-component    style_1\"><div id=\"Info-box-wrap-7024\" class=\"aio-icon-box left-icon\" style=\"\"  ><div class=\"aio-icon-left\"><div class=\"ult-just-icon-wrapper  \"><div class=\"align-icon\" style=\"text-align:center;\">\n<div class=\"aio-icon-img \" style=\"font-size:70px;display:inline-block;\" data-animation=\"bounceIn\" data-animation-delay=\"03\">\n\t<img decoding=\"async\" class=\"img-icon\" alt=\"null\" src=\"https:\/\/mouhtadiprojects.com\/batitherm\/wp-content\/uploads\/2019\/07\/logos-icones-CES-Batitherm-87.svg\"\/>\n<\/div><\/div><\/div><\/div><div class=\"aio-ibd-block\"><div class=\"aio-icon-header\" ><h3 class=\"aio-icon-title ult-responsive\"  data-ultimate-target='#Info-box-wrap-7024 .aio-icon-title'  data-responsive-json-new='{\"font-size\":\"desktop:19px;\",\"line-height\":\"\"}'  style=\"font-family:&#039;Lato&#039;;font-weight:700;color:#5b5b5b;\">Durabilit\u00e9<\/h3><\/div> <!-- header --><div class=\"aio-icon-description ult-responsive\"  data-ultimate-target='#Info-box-wrap-7024 .aio-icon-description'  data-responsive-json-new='{\"font-size\":\"desktop:14px;\",\"line-height\":\"\"}'  style=\"font-family:&#039;Lato&#039;;color:#828282;\">Longue dur\u00e9e de vie<br \/>\nGarantie de 5 ans<\/div> <!-- description --><\/div> <!-- aio-ibd-block --><\/div> <!-- aio-icon-box --><\/div> <!-- aio-icon-component -->[\/vc_column_inner][vc_column_inner width=\u00a0\u00bb1\/2&Prime;]<div class=\"aio-icon-component    style_1\"><div id=\"Info-box-wrap-1754\" class=\"aio-icon-box left-icon\" style=\"\"  ><div class=\"aio-icon-left\"><div class=\"ult-just-icon-wrapper  \"><div class=\"align-icon\" style=\"text-align:center;\">\n<div class=\"aio-icon-img \" style=\"font-size:70px;display:inline-block;\" data-animation=\"bounceIn\" data-animation-delay=\"03\">\n\t<img decoding=\"async\" class=\"img-icon\" alt=\"null\" src=\"https:\/\/mouhtadiprojects.com\/batitherm\/wp-content\/uploads\/2019\/07\/logos-icones-cee-Batitherm4.svg\"\/>\n<\/div><\/div><\/div><\/div><div class=\"aio-ibd-block\"><div class=\"aio-icon-header\" ><h3 class=\"aio-icon-title ult-responsive\"  data-ultimate-target='#Info-box-wrap-1754 .aio-icon-title'  data-responsive-json-new='{\"font-size\":\"desktop:19px;\",\"line-height\":\"\"}'  style=\"font-family:&#039;Lato&#039;;font-weight:700;color:#5b5b5b;\">Economies<\/h3><\/div> <!-- header --><div class=\"aio-icon-description ult-responsive\"  data-ultimate-target='#Info-box-wrap-1754 .aio-icon-description'  data-responsive-json-new='{\"font-size\":\"desktop:14px;\",\"line-height\":\"\"}'  style=\"font-family:&#039;Lato&#039;;color:#828282;\">Am\u00e9liore les performances \u00e9conomiques de chaque syst\u00e8me de chauffage (solaire, biomasse, pompe \u00e0 chaleur)<br \/>\nIsolation en polyur\u00e9thane d&rsquo;une \u00e9paisseur de 100 mm, conforme \u00e0 DIN53420, pour plus d\u2019\u00e9conomies d\u2019\u00e9nergie.<\/div> <!-- description --><\/div> <!-- aio-ibd-block --><\/div> <!-- aio-icon-box --><\/div> <!-- aio-icon-component -->[\/vc_column_inner][\/vc_row_inner][vc_row_inner][vc_column_inner width=\u00a0\u00bb1\/2&Prime;]<div class=\"aio-icon-component    style_1\"><div id=\"Info-box-wrap-3780\" class=\"aio-icon-box left-icon\" style=\"\"  ><div class=\"aio-icon-left\"><div class=\"ult-just-icon-wrapper  \"><div class=\"align-icon\" style=\"text-align:center;\">\n<div class=\"aio-icon-img \" style=\"font-size:70px;display:inline-block;\" data-animation=\"bounceIn\" data-animation-delay=\"03\">\n\t<img decoding=\"async\" class=\"img-icon\" alt=\"null\" src=\"https:\/\/mouhtadiprojects.com\/batitherm\/wp-content\/uploads\/2019\/07\/logos-icones-CES-Batitherm-86.svg\"\/>\n<\/div><\/div><\/div><\/div><div class=\"aio-ibd-block\"><div class=\"aio-icon-header\" ><h3 class=\"aio-icon-title ult-responsive\"  data-ultimate-target='#Info-box-wrap-3780 .aio-icon-title'  data-responsive-json-new='{\"font-size\":\"desktop:19px;\",\"line-height\":\"\"}'  style=\"font-family:&#039;Lato&#039;;font-weight:700;color:#5b5b5b;\">Qualit\u00e9<\/h3><\/div> <!-- header --><div class=\"aio-icon-description ult-responsive\"  data-ultimate-target='#Info-box-wrap-3780 .aio-icon-description'  data-responsive-json-new='{\"font-size\":\"desktop:14px;\",\"line-height\":\"\"}'  style=\"font-family:&#039;Lato&#039;;color:#828282;\">Fabriqu\u00e9 conform\u00e9ment \u00e0 la norme EN 12897: 2006, \u00e0 partir de feuilles conformes \u00e0 la norme EN 10130 Al 1998 DCP<br \/>\nProtection anticorrosion utilisant une r\u00e9sine \u00e9poxy adapt\u00e9e \u00e0 l&rsquo;eau potable et une anode de magn\u00e9sium selon DIN1243-2,2.<\/div> <!-- description --><\/div> <!-- aio-ibd-block --><\/div> <!-- aio-icon-box --><\/div> <!-- aio-icon-component -->[\/vc_column_inner][vc_column_inner width=\u00a0\u00bb1\/2&Prime;]<div class=\"aio-icon-component    style_1\"><div id=\"Info-box-wrap-6082\" class=\"aio-icon-box left-icon\" style=\"\"  ><div class=\"aio-icon-left\"><div class=\"ult-just-icon-wrapper  \"><div class=\"align-icon\" style=\"text-align:center;\">\n<div class=\"aio-icon-img \" style=\"font-size:70px;display:inline-block;\" data-animation=\"bounceIn\" data-animation-delay=\"03\">\n\t<img decoding=\"async\" class=\"img-icon\" alt=\"null\" src=\"https:\/\/mouhtadiprojects.com\/batitherm\/wp-content\/uploads\/2019\/07\/logos-icones-cee-Batitherm3.svg\"\/>\n<\/div><\/div><\/div><\/div><div class=\"aio-ibd-block\"><div class=\"aio-icon-header\" ><h3 class=\"aio-icon-title ult-responsive\"  data-ultimate-target='#Info-box-wrap-6082 .aio-icon-title'  data-responsive-json-new='{\"font-size\":\"desktop:19px;\",\"line-height\":\"\"}'  style=\"font-family:&#039;Lato&#039;;font-weight:700;color:#5b5b5b;\">Compatibilit\u00e9<\/h3><\/div> <!-- header --><div class=\"aio-icon-description ult-responsive\"  data-ultimate-target='#Info-box-wrap-6082 .aio-icon-description'  data-responsive-json-new='{\"font-size\":\"desktop:14px;\",\"line-height\":\"\"}'  style=\"font-family:&#039;Lato&#039;;color:#828282;\">Compatible avec toutes les \u00e9nergies et avec tous les syst\u00e8mes de chauffage traditionnels<br \/>\nUtilisation simultan\u00e9e possible de quatre sources d&rsquo;\u00e9nergie (capteurs solaires, Chaudi\u00e8re, r\u00e9sistance \u00e9lectrique, etc.)<\/div> <!-- description --><\/div> <!-- aio-ibd-block --><\/div> <!-- aio-icon-box --><\/div> <!-- aio-icon-component -->[\/vc_column_inner][\/vc_row_inner][vc_row_inner][vc_column_inner width=\u00a0\u00bb1\/2&Prime;]<div class=\"aio-icon-component    style_1\"><div id=\"Info-box-wrap-8221\" class=\"aio-icon-box left-icon\" style=\"\"  ><div class=\"aio-icon-left\"><div class=\"ult-just-icon-wrapper  \"><div class=\"align-icon\" style=\"text-align:center;\">\n<div class=\"aio-icon-img \" style=\"font-size:70px;display:inline-block;\" data-animation=\"bounceIn\" data-animation-delay=\"03\">\n\t<img decoding=\"async\" class=\"img-icon\" alt=\"null\" src=\"https:\/\/mouhtadiprojects.com\/batitherm\/wp-content\/uploads\/2019\/07\/logos-icones-cee-Batitherm-8.svg\"\/>\n<\/div><\/div><\/div><\/div><div class=\"aio-ibd-block\"><div class=\"aio-icon-header\" ><h3 class=\"aio-icon-title ult-responsive\"  data-ultimate-target='#Info-box-wrap-8221 .aio-icon-title'  data-responsive-json-new='{\"font-size\":\"desktop:19px;\",\"line-height\":\"\"}'  style=\"font-family:&#039;Lato&#039;;font-weight:700;color:#5b5b5b;\">Confort<\/h3><\/div> <!-- header --><div class=\"aio-icon-description ult-responsive\"  data-ultimate-target='#Info-box-wrap-8221 .aio-icon-description'  data-responsive-json-new='{\"font-size\":\"desktop:14px;\",\"line-height\":\"\"}'  style=\"font-family:&#039;Lato&#039;;color:#828282;\">Eau chaude disponible imm\u00e9diatement et \u00e0 grande quantit\u00e9<br \/>\nConception antimicrobienne pour une eau chaude sanitaire potable<\/div> <!-- description --><\/div> <!-- aio-ibd-block --><\/div> <!-- aio-icon-box --><\/div> <!-- aio-icon-component -->[\/vc_column_inner][vc_column_inner width=\u00a0\u00bb1\/2&Prime;]<div class=\"aio-icon-component    style_1\"><div id=\"Info-box-wrap-5711\" class=\"aio-icon-box left-icon\" style=\"\"  ><div class=\"aio-icon-left\"><div class=\"ult-just-icon-wrapper  \"><div class=\"align-icon\" style=\"text-align:center;\">\n<div class=\"aio-icon-img \" style=\"font-size:70px;display:inline-block;\" data-animation=\"bounceIn\" data-animation-delay=\"03\">\n\t<img decoding=\"async\" class=\"img-icon\" alt=\"null\" src=\"https:\/\/mouhtadiprojects.com\/batitherm\/wp-content\/uploads\/2019\/10\/logos-icones-CES-Batitherm-5-01.svg\"\/>\n<\/div><\/div><\/div><\/div><div class=\"aio-ibd-block\"><div class=\"aio-icon-header\" ><h3 class=\"aio-icon-title ult-responsive\"  data-ultimate-target='#Info-box-wrap-5711 .aio-icon-title'  data-responsive-json-new='{\"font-size\":\"desktop:19px;\",\"line-height\":\"\"}'  style=\"font-family:&#039;Lato&#039;;font-weight:700;color:#5b5b5b;\">Design<\/h3><\/div> <!-- header --><div class=\"aio-icon-description ult-responsive\"  data-ultimate-target='#Info-box-wrap-5711 .aio-icon-description'  data-responsive-json-new='{\"font-size\":\"desktop:14px;\",\"line-height\":\"\"}'  style=\"font-family:&#039;Lato&#039;;color:#828282;\">Design compacte et fonctionnel<br \/>\nRev\u00eatement ext\u00e9rieur en cuir PVC<\/div> <!-- description --><\/div> <!-- aio-ibd-block --><\/div> <!-- aio-icon-box --><\/div> <!-- aio-icon-component -->[\/vc_column_inner][\/vc_row_inner][\/vc_column][\/vc_row]<\/p>\n<\/div>","protected":false},"excerpt":{"rendered":"<p>[vc_row equal_height=\u00a0\u00bbyes\u00a0\u00bb content_placement=\u00a0\u00bbtop\u00a0\u00bb bg_type=\u00a0\u00bbbg_color\u00a0\u00bb bg_override=\u00a0\u00bbfull\u00a0\u00bb ult_hide_row=\u00a0\u00bbult_hide_row_value\u00a0\u00bb ult_hide_row_tablet_small=\u00a0\u00bbxs_tablet\u00a0\u00bb ult_hide_row_mobile=\u00a0\u00bbmobile\u00a0\u00bb ult_hide_row_mobile_large=\u00a0\u00bbxl_mobile\u00a0\u00bb bg_color_value=\u00a0\u00bb#fafafa\u00a0\u00bb][vc_column [&hellip;]<\/p>\n","protected":false},"author":1,"featured_media":2856,"parent":30,"menu_order":6,"comment_status":"closed","ping_status":"closed","template":"","meta":{"footnotes":""},"class_list":["post-1101","page","type-page","status-publish","has-post-thumbnail","hentry"],"_links":{"self":[{"href":"https:\/\/mouhtadiprojects.com\/batitherm\/wp-json\/wp\/v2\/pages\/1101","targetHints":{"allow":["GET"]}}],"collection":[{"href":"https:\/\/mouhtadiprojects.com\/batitherm\/wp-json\/wp\/v2\/pages"}],"about":[{"href":"https:\/\/mouhtadiprojects.com\/batitherm\/wp-json\/wp\/v2\/types\/page"}],"author":[{"embeddable":true,"href":"https:\/\/mouhtadiprojects.com\/batitherm\/wp-json\/wp\/v2\/users\/1"}],"replies":[{"embeddable":true,"href":"https:\/\/mouhtadiprojects.com\/batitherm\/wp-json\/wp\/v2\/comments?post=1101"}],"version-history":[{"count":0,"href":"https:\/\/mouhtadiprojects.com\/batitherm\/wp-json\/wp\/v2\/pages\/1101\/revisions"}],"up":[{"embeddable":true,"href":"https:\/\/mouhtadiprojects.com\/batitherm\/wp-json\/wp\/v2\/pages\/30"}],"wp:featuredmedia":[{"embeddable":true,"href":"https:\/\/mouhtadiprojects.com\/batitherm\/wp-json\/wp\/v2\/media\/2856"}],"wp:attachment":[{"href":"https:\/\/mouhtadiprojects.com\/batitherm\/wp-json\/wp\/v2\/media?parent=1101"}],"curies":[{"name":"wp","href":"https:\/\/api.w.org\/{rel}","templated":true}]}}