{"id":1441,"date":"2019-08-03T16:55:54","date_gmt":"2019-08-03T16:55:54","guid":{"rendered":"http:\/\/mouhtadiprojects.com\/batitherm\/?page_id=1441"},"modified":"2019-12-12T10:40:44","modified_gmt":"2019-12-12T10:40:44","slug":"capteurs-solaires-thermiques","status":"publish","type":"page","link":"https:\/\/mouhtadiprojects.com\/batitherm\/produits\/capteurs-solaires-thermiques\/","title":{"rendered":"Capteurs solaires thermiques"},"content":{"rendered":"<div class=\"wpb-content-wrapper\"><p>[vc_row equal_height=\u00a0\u00bbyes\u00a0\u00bb content_placement=\u00a0\u00bbmiddle\u00a0\u00bb][vc_column width=\u00a0\u00bb1\/2&Prime;][vc_single_image image=\u00a0\u00bb2185&Prime; img_size=\u00a0\u00bbfull\u00a0\u00bb alignment=\u00a0\u00bbcenter\u00a0\u00bb][\/vc_column][vc_column width=\u00a0\u00bb1\/2&Prime;][vc_column_text]<\/p>\n<h1>Capteur thermique s\u00e9lectif<\/h1>\n<h2>De 1,5 \u00e0 2,9m\u00b2<\/h2>\n<p>Pour des installations solaires \u00e0 circulation forc\u00e9e, les capteurs thermiques s\u00e9lectifs ont un rendement optimal, un temps de chauffe record et une longue dur\u00e9e de vie.[\/vc_column_text]<div class=\"ult-just-icon-wrapper  \"><div class=\"align-icon\" style=\"text-align:left;\">\n<div class=\"aio-icon-img \" style=\"font-size:300px;display:inline-block;\" >\n\t<img decoding=\"async\" class=\"img-icon\" alt=\"null\" src=\"https:\/\/mouhtadiprojects.com\/batitherm\/wp-content\/uploads\/2019\/10\/certification-batitherm-capteur.svg\"\/>\n<\/div><\/div><\/div>[vc_row_inner css=\u00a0\u00bb.vc_custom_1561025777969{padding-top: 5% !important;}\u00a0\u00bb][vc_column_inner width=\u00a0\u00bb1\/3&Prime;]<div class=\" ubtn-ctn-left \"><a class=\"ubtn-link ult-adjust-bottom-margin ubtn-left ubtn-custom \" href=\"http:\/\/mouhtadiprojects.com\/batitherm\/wp-content\/uploads\/2019\/10\/FICHE-TECHNIQUE-CAPTEURS-THERMIQUES-web.pdf\" target=\"_blank\" rel=\"noopener\" ><button type=\"button\" id=\"ubtn-8222\"  class=\"ubtn ult-adjust-bottom-margin ult-responsive ubtn-custom ubtn-no-hover-bg  none  ubtn-left   tooltip-69e37a778b46f\"  data-hover=\"#ffffff\" data-border-color=\"\" data-bg=\"#fdb50a\" data-hover-bg=\"#ed8e00\" data-border-hover=\"\" data-shadow-hover=\"\" data-shadow-click=\"none\" data-shadow=\"\" data-shd-shadow=\"\"  data-ultimate-target='#ubtn-8222'  data-responsive-json-new='{\"font-size\":\"\",\"line-height\":\"\"}'  style=\"font-family:&#039;Lato&#039;;font-weight:700;width:190px;min-height:40px;padding:5px px;border-radius:5px;border-width:0px;border-color:;border-style:solid;background: #fdb50a;color: #ffffff;\"><span class=\"ubtn-data ubtn-icon\"><i class=\"none\" style=\"font-size:20px;color:#ffffff;\"><\/i><\/span><span class=\"ubtn-hover\" style=\"background-color:#ed8e00\"><\/span><span class=\"ubtn-data ubtn-text \" >FICHE TECHNIQUE<\/span><\/button><\/a><\/div>[\/vc_column_inner][vc_column_inner width=\u00a0\u00bb1\/3&Prime;]<div class=\" ubtn-ctn-left \"><button type=\"button\" id=\"ubtn-6748\"  class=\"ubtn ult-adjust-bottom-margin ult-responsive ubtn-custom ubtn-no-hover-bg  none  ubtn-left   tooltip-69e37a778b544\"  data-hover=\"#ffffff\" data-border-color=\"\" data-bg=\"#ed8e00\" data-hover-bg=\"#fdb50a\" data-border-hover=\"\" data-shadow-hover=\"\" data-shadow-click=\"none\" data-shadow=\"\" data-shd-shadow=\"\"  data-ultimate-target='#ubtn-6748'  data-responsive-json-new='{\"font-size\":\"\",\"line-height\":\"\"}'  style=\"font-family:&#039;Lato&#039;;font-weight:700;width:190px;min-height:40px;padding:5px px;border-radius:5px;border-width:0px;border-color:;border-style:solid;background: #ed8e00;color: #ffffff;\"><span class=\"ubtn-data ubtn-icon\"><i class=\"none\" style=\"font-size:20px;color:#ffffff;\"><\/i><\/span><span class=\"ubtn-hover\" style=\"background-color:#fdb50a\"><\/span><span class=\"ubtn-data ubtn-text \" >DEMANDER UN DEVIS<\/span><\/button><\/div>[\/vc_column_inner][vc_column_inner width=\u00a0\u00bb1\/3&Prime;][\/vc_column_inner][\/vc_row_inner][\/vc_column][\/vc_row][vc_row equal_height=\u00a0\u00bbyes\u00a0\u00bb content_placement=\u00a0\u00bbmiddle\u00a0\u00bb bg_type=\u00a0\u00bbbg_color\u00a0\u00bb bg_override=\u00a0\u00bbfull\u00a0\u00bb css=\u00a0\u00bb.vc_custom_1553016681615{padding-top: 5% !important;padding-bottom: 5% !important;}\u00a0\u00bb bg_color_value=\u00a0\u00bb#fafafa\u00a0\u00bb][vc_column width=\u00a0\u00bb1\/3&Prime;]<div class=\"aio-icon-component    style_1\"><div id=\"Info-box-wrap-5020\" class=\"aio-icon-box right-icon\" style=\"\"  ><div class=\"aio-ibd-block\" ><div class=\"aio-icon-header\" ><h3 class=\"aio-icon-title ult-responsive\"  data-ultimate-target='#Info-box-wrap-5020 .aio-icon-title'  data-responsive-json-new='{\"font-size\":\"desktop:19px;\",\"line-height\":\"\"}'  style=\"font-family:&#039;Lato&#039;;font-weight:normal;font-style:normal;color:#777777;\">Confort<\/h3><\/div> <!-- header --><div class=\"aio-icon-description ult-responsive\"  data-ultimate-target='#Info-box-wrap-5020 .aio-icon-description'  data-responsive-json-new='{\"font-size\":\"desktop:14px;\",\"line-height\":\"\"}'  style=\"font-family:&#039;Lato&#039;;color:#828282;\">Poids l\u00e9ger pour faciliter le transport et l\u2019installation. 8 tailles disponibles allant de 1,5 \u00e0 2,9m\u00b2.<\/div> <!-- description --><\/div> <!-- aio-ibd-block --><div class=\"aio-icon-right\"><div class=\"ult-just-icon-wrapper  \"><div class=\"align-icon\" style=\"text-align:center;\">\n<div class=\"aio-icon-img \" style=\"font-size:70px;display:inline-block;\" data-animation=\"bounceIn\" data-animation-delay=\"03\">\n\t<img decoding=\"async\" class=\"img-icon\" alt=\"null\" src=\"https:\/\/mouhtadiprojects.com\/batitherm\/wp-content\/uploads\/2019\/07\/logos-icones-cee-Batitherm5.svg\"\/>\n<\/div><\/div><\/div><\/div><\/div> <!-- aio-icon-box --><\/div> <!-- aio-icon-component --><div class=\"aio-icon-component    style_1\"><div id=\"Info-box-wrap-9183\" class=\"aio-icon-box right-icon\" style=\"\"  ><div class=\"aio-ibd-block\" ><div class=\"aio-icon-header\" ><h3 class=\"aio-icon-title ult-responsive\"  data-ultimate-target='#Info-box-wrap-9183 .aio-icon-title'  data-responsive-json-new='{\"font-size\":\"desktop:19px;\",\"line-height\":\"\"}'  style=\"font-family:&#039;Lato&#039;;font-weight:normal;font-style:normal;color:#777777;\">Qualit\u00e9<\/h3><\/div> <!-- header --><div class=\"aio-icon-description ult-responsive\"  data-ultimate-target='#Info-box-wrap-9183 .aio-icon-description'  data-responsive-json-new='{\"font-size\":\"desktop:14px;\",\"line-height\":\"\"}'  style=\"font-family:&#039;Lato&#039;;color:#828282;\">Technologie anticorrosion pour une \u00e9tanch\u00e9it\u00e9 optimale contre l\u2019humidit\u00e9 et les microparticules d\u2019air.<\/div> <!-- description --><\/div> <!-- aio-ibd-block --><div class=\"aio-icon-right\"><div class=\"ult-just-icon-wrapper  \"><div class=\"align-icon\" style=\"text-align:center;\">\n<div class=\"aio-icon-img \" style=\"font-size:70px;display:inline-block;\" data-animation=\"bounceIn\" data-animation-delay=\"03\">\n\t<img decoding=\"async\" class=\"img-icon\" alt=\"null\" src=\"https:\/\/mouhtadiprojects.com\/batitherm\/wp-content\/uploads\/2019\/07\/logos-icones-cee-Batitherm3.svg\"\/>\n<\/div><\/div><\/div><\/div><\/div> <!-- aio-icon-box --><\/div> <!-- aio-icon-component -->[\/vc_column][vc_column width=\u00a0\u00bb1\/3&Prime;][vc_single_image image=\u00a0\u00bb2187&Prime; img_size=\u00a0\u00bbfull\u00a0\u00bb alignment=\u00a0\u00bbcenter\u00a0\u00bb][\/vc_column][vc_column width=\u00a0\u00bb1\/3&Prime;]<div class=\"aio-icon-component    style_1\"><div id=\"Info-box-wrap-7497\" class=\"aio-icon-box left-icon\" style=\"\"  ><div class=\"aio-icon-left\"><div class=\"ult-just-icon-wrapper  \"><div class=\"align-icon\" style=\"text-align:center;\">\n<div class=\"aio-icon-img \" style=\"font-size:70px;display:inline-block;\" data-animation=\"bounceIn\" data-animation-delay=\"03\">\n\t<img decoding=\"async\" class=\"img-icon\" alt=\"null\" src=\"https:\/\/mouhtadiprojects.com\/batitherm\/wp-content\/uploads\/2019\/07\/logos-icones-cee-Batitherm4.svg\"\/>\n<\/div><\/div><\/div><\/div><div class=\"aio-ibd-block\"><div class=\"aio-icon-header\" ><h3 class=\"aio-icon-title ult-responsive\"  data-ultimate-target='#Info-box-wrap-7497 .aio-icon-title'  data-responsive-json-new='{\"font-size\":\"desktop:19px;\",\"line-height\":\"\"}'  style=\"font-family:&#039;Lato&#039;;font-weight:normal;font-style:normal;color:#777777;\">Rendement<\/h3><\/div> <!-- header --><div class=\"aio-icon-description ult-responsive\"  data-ultimate-target='#Info-box-wrap-7497 .aio-icon-description'  data-responsive-json-new='{\"font-size\":\"desktop:14px;\",\"line-height\":\"\"}'  style=\"font-family:&#039;Lato&#039;;color:#828282;\">Ailettes en aluminium soud\u00e9s au laser pour un rendement optimal et un temps de chauffe record. Absorption : Plus de 95 %.<\/div> <!-- description --><\/div> <!-- aio-ibd-block --><\/div> <!-- aio-icon-box --><\/div> <!-- aio-icon-component --><div class=\"aio-icon-component    style_1\"><div id=\"Info-box-wrap-4704\" class=\"aio-icon-box left-icon\" style=\"\"  ><div class=\"aio-icon-left\"><div class=\"ult-just-icon-wrapper  \"><div class=\"align-icon\" style=\"text-align:center;\">\n<div class=\"aio-icon-img \" style=\"font-size:70px;display:inline-block;\" data-animation=\"bounceIn\" data-animation-delay=\"03\">\n\t<img decoding=\"async\" class=\"img-icon\" alt=\"null\" src=\"https:\/\/mouhtadiprojects.com\/batitherm\/wp-content\/uploads\/2019\/07\/logos-icones-cee-Batitherm-7.svg\"\/>\n<\/div><\/div><\/div><\/div><div class=\"aio-ibd-block\"><div class=\"aio-icon-header\" ><h3 class=\"aio-icon-title ult-responsive\"  data-ultimate-target='#Info-box-wrap-4704 .aio-icon-title'  data-responsive-json-new='{\"font-size\":\"desktop:19px;\",\"line-height\":\"\"}'  style=\"font-family:&#039;Lato&#039;;font-weight:normal;font-style:normal;color:#777777;\">Isolation<\/h3><\/div> <!-- header --><div class=\"aio-icon-description ult-responsive\"  data-ultimate-target='#Info-box-wrap-4704 .aio-icon-description'  data-responsive-json-new='{\"font-size\":\"desktop:14px;\",\"line-height\":\"\"}'  style=\"font-family:&#039;Lato&#039;;color:#828282;\">Isolation en laine min\u00e9rale de roche et \u00e0 forte \u00e9paisseur pour un \u00e9change parfait avec le milieu ext\u00e9rieur.<\/div> <!-- description --><\/div> <!-- aio-ibd-block --><\/div> <!-- aio-icon-box --><\/div> <!-- aio-icon-component -->[\/vc_column][\/vc_row]<\/p>\n<\/div>","protected":false},"excerpt":{"rendered":"<p>[vc_row equal_height=\u00a0\u00bbyes\u00a0\u00bb content_placement=\u00a0\u00bbmiddle\u00a0\u00bb][vc_column width=\u00a0\u00bb1\/2&Prime;][vc_single_image image=\u00a0\u00bb2185&Prime; img_size=\u00a0\u00bbfull\u00a0\u00bb alignment=\u00a0\u00bbcenter\u00a0\u00bb][\/vc_column][vc_column width=\u00a0\u00bb1\/2&Prime;][vc_column_text] Capteur thermique [&hellip;]<\/p>\n","protected":false},"author":1,"featured_media":2857,"parent":30,"menu_order":7,"comment_status":"closed","ping_status":"closed","template":"","meta":{"footnotes":""},"class_list":["post-1441","page","type-page","status-publish","has-post-thumbnail","hentry"],"_links":{"self":[{"href":"https:\/\/mouhtadiprojects.com\/batitherm\/wp-json\/wp\/v2\/pages\/1441","targetHints":{"allow":["GET"]}}],"collection":[{"href":"https:\/\/mouhtadiprojects.com\/batitherm\/wp-json\/wp\/v2\/pages"}],"about":[{"href":"https:\/\/mouhtadiprojects.com\/batitherm\/wp-json\/wp\/v2\/types\/page"}],"author":[{"embeddable":true,"href":"https:\/\/mouhtadiprojects.com\/batitherm\/wp-json\/wp\/v2\/users\/1"}],"replies":[{"embeddable":true,"href":"https:\/\/mouhtadiprojects.com\/batitherm\/wp-json\/wp\/v2\/comments?post=1441"}],"version-history":[{"count":0,"href":"https:\/\/mouhtadiprojects.com\/batitherm\/wp-json\/wp\/v2\/pages\/1441\/revisions"}],"up":[{"embeddable":true,"href":"https:\/\/mouhtadiprojects.com\/batitherm\/wp-json\/wp\/v2\/pages\/30"}],"wp:featuredmedia":[{"embeddable":true,"href":"https:\/\/mouhtadiprojects.com\/batitherm\/wp-json\/wp\/v2\/media\/2857"}],"wp:attachment":[{"href":"https:\/\/mouhtadiprojects.com\/batitherm\/wp-json\/wp\/v2\/media?parent=1441"}],"curies":[{"name":"wp","href":"https:\/\/api.w.org\/{rel}","templated":true}]}}