{"id":664,"date":"2019-03-13T08:45:53","date_gmt":"2019-03-13T08:45:53","guid":{"rendered":"http:\/\/mouhtadiprojects.com\/batitherm\/?page_id=664"},"modified":"2019-10-09T11:47:14","modified_gmt":"2019-10-09T11:47:14","slug":"nos-solutions","status":"publish","type":"page","link":"https:\/\/mouhtadiprojects.com\/batitherm\/nos-solutions\/","title":{"rendered":"Nos solutions"},"content":{"rendered":"<div class=\"wpb-content-wrapper\"><p>[vc_row gap=\u00a0\u00bb30&Prime; equal_height=\u00a0\u00bbyes\u00a0\u00bb content_placement=\u00a0\u00bbtop\u00a0\u00bb css=\u00a0\u00bb.vc_custom_1570621513781{padding-right: 7% !important;padding-left: 7% !important;}\u00a0\u00bb][vc_column width=\u00a0\u00bb1\/2&Prime;][vc_row_inner equal_height=\u00a0\u00bbyes\u00a0\u00bb content_placement=\u00a0\u00bbmiddle\u00a0\u00bb css=\u00a0\u00bb.vc_custom_1552475208246{background-color: #ffffff !important;}\u00a0\u00bb el_class=\u00a0\u00bbhover-solutions\u00a0\u00bb][vc_column_inner]<div class=\"ult-just-icon-wrapper  \"><div class=\"align-icon\" style=\"text-align:center;\">\n<div class=\"aio-icon-img \" style=\"font-size:600px;display:inline-block;\" >\n\t<img decoding=\"async\" class=\"img-icon\" alt=\"Packshot-Produits-Batitherm-Solutions-Thermique\" src=\"https:\/\/mouhtadiprojects.com\/batitherm\/wp-content\/uploads\/2019\/08\/Packshot-Produits-Batitherm-Solutions-Thermique.png\"\/>\n<\/div><\/div><\/div>[vc_column_text css=\u00a0\u00bb.vc_custom_1570620858067{padding-right: 4% !important;padding-left: 4% !important;}\u00a0\u00bb]<\/p>\n<h2 style=\"text-align: center;\"><span style=\"color: #ffcc00;\">Solutions thermiques<\/span><\/h2>\n<h5 style=\"text-align: center;\">Profitez d\u2019une eau chaude sanitaire et chauffez vos b\u00e2timents gr\u00e2ce \u00e0 nos solutions thermiques innovantes et \u00e9co-performantes. Batitherm vous accompagne dans le choix et le dimensionnement de votre solution d\u2019eau chaude et\/ou chauffage pour r\u00e9pondre et s\u2019adapter \u00e0 votre besoin.<\/h5>\n<p>[\/vc_column_text]<div class=\" ubtn-ctn-center \"><a class=\"ubtn-link ult-adjust-bottom-margin ubtn-center ubtn-custom \" href=\"http:\/\/mouhtadiprojects.com\/batitherm\/nos-solutions\/solutions-thermiques\/\" ><button type=\"button\" id=\"ubtn-5962\"  class=\"ubtn ult-adjust-bottom-margin ult-responsive ubtn-custom ubtn-no-hover-bg  ulta-wobble-horizontal  ubtn-center   tooltip-69e37a6c92102\"  data-hover=\"#ffffff\" data-border-color=\"\" data-bg=\"#fdb50a\" data-hover-bg=\"#ed8e00\" data-border-hover=\"\" data-shadow-hover=\"\" data-shadow-click=\"none\" data-shadow=\"\" data-shd-shadow=\"\"  data-ultimate-target='#ubtn-5962'  data-responsive-json-new='{\"font-size\":\"\",\"line-height\":\"\"}'  style=\"font-family:&#039;Lato&#039;;font-weight:700;width:190px;min-height:40px;padding:5px px;border-radius:5px;border-width:1px;border-color:;border-style:solid;background: #fdb50a;color: #ffffff;\"><span class=\"ubtn-hover\" style=\"background-color:#ed8e00\"><\/span><span class=\"ubtn-data ubtn-text \" >EN SAVOIR +<\/span><\/button><\/a><\/div>[\/vc_column_inner][\/vc_row_inner][\/vc_column][vc_column width=\u00a0\u00bb1\/2&Prime;][vc_row_inner equal_height=\u00a0\u00bbyes\u00a0\u00bb content_placement=\u00a0\u00bbmiddle\u00a0\u00bb css=\u00a0\u00bb.vc_custom_1570621468436{background-color: #ffffff !important;}\u00a0\u00bb el_class=\u00a0\u00bbhover-solutions\u00a0\u00bb][vc_column_inner]<div class=\"ult-just-icon-wrapper  \"><div class=\"align-icon\" style=\"text-align:center;\">\n<div class=\"aio-icon-img \" style=\"font-size:600px;display:inline-block;\" >\n\t<img decoding=\"async\" class=\"img-icon\" alt=\"Packshot-Produits-Grun-Solutions-Photovoltaique\" src=\"http:\/\/mouhtadiprojects.com\/batitherm\/wp-content\/uploads\/2019\/08\/Packshot-Produits-Grun-Solutions-Photovoltaique.png\"\/>\n<\/div><\/div><\/div>[vc_column_text css=\u00a0\u00bb.vc_custom_1570621165934{padding-right: 4% !important;padding-left: 4% !important;}\u00a0\u00bb]<\/p>\n<h2 style=\"text-align: center;\"><span style=\"color: #6dab40;\">Solutions photovolta\u00efques<\/span><\/h2>\n<h5 style=\"text-align: center;\">Produisez votre propre \u00e9lectricit\u00e9 gratuitement gr\u00e2ce \u00e0 l\u2019\u00e9nergie solaire photovolta\u00efque. Batitherm \u00e9tudie votre besoin et vous propose une installation sur-mesure adapt\u00e9e \u00e0 votre usage et \u00e0 vos moyens.<\/h5>\n<p>[\/vc_column_text]<div class=\" vc_custom_1565265641163 ubtn-ctn-center \"><a class=\"ubtn-link ult-adjust-bottom-margin ubtn-center ubtn-custom \" href=\"http:\/\/mouhtadiprojects.com\/batitherm\/nos-solutions\/solutions-photovoltaiques\/\" ><button type=\"button\" id=\"ubtn-3174\"  class=\"ubtn ult-adjust-bottom-margin ult-responsive ubtn-custom ubtn-no-hover-bg  ulta-wobble-horizontal  ubtn-center   tooltip-69e37a6c926e4\"  data-hover=\"#ffffff\" data-border-color=\"\" data-bg=\"#49aa03\" data-hover-bg=\"#41a503\" data-border-hover=\"\" data-shadow-hover=\"\" data-shadow-click=\"none\" data-shadow=\"\" data-shd-shadow=\"\"  data-ultimate-target='#ubtn-3174'  data-responsive-json-new='{\"font-size\":\"\",\"line-height\":\"\"}'  style=\"font-family:&#039;Lato&#039;;font-weight:700;width:190px;min-height:40px;padding:5px px;border-radius:5px;border-width:1px;border-color:;border-style:solid;background: #49aa03;color: #ffffff;\"><span class=\"ubtn-hover\" style=\"background-color:#41a503\"><\/span><span class=\"ubtn-data ubtn-text \" >EN SAVOIR +<\/span><\/button><\/a><\/div>[\/vc_column_inner][\/vc_row_inner][\/vc_column][\/vc_row]<\/p>\n<\/div>","protected":false},"excerpt":{"rendered":"<p>[vc_row gap=\u00a0\u00bb30&Prime; equal_height=\u00a0\u00bbyes\u00a0\u00bb content_placement=\u00a0\u00bbtop\u00a0\u00bb css=\u00a0\u00bb.vc_custom_1570621513781{padding-right: 7% !important;padding-left: 7% !important;}\u00a0\u00bb][vc_column width=\u00a0\u00bb1\/2&Prime;][vc_row_inner [&hellip;]<\/p>\n","protected":false},"author":1,"featured_media":0,"parent":0,"menu_order":4,"comment_status":"closed","ping_status":"closed","template":"","meta":{"footnotes":""},"class_list":["post-664","page","type-page","status-publish","hentry"],"_links":{"self":[{"href":"https:\/\/mouhtadiprojects.com\/batitherm\/wp-json\/wp\/v2\/pages\/664","targetHints":{"allow":["GET"]}}],"collection":[{"href":"https:\/\/mouhtadiprojects.com\/batitherm\/wp-json\/wp\/v2\/pages"}],"about":[{"href":"https:\/\/mouhtadiprojects.com\/batitherm\/wp-json\/wp\/v2\/types\/page"}],"author":[{"embeddable":true,"href":"https:\/\/mouhtadiprojects.com\/batitherm\/wp-json\/wp\/v2\/users\/1"}],"replies":[{"embeddable":true,"href":"https:\/\/mouhtadiprojects.com\/batitherm\/wp-json\/wp\/v2\/comments?post=664"}],"version-history":[{"count":0,"href":"https:\/\/mouhtadiprojects.com\/batitherm\/wp-json\/wp\/v2\/pages\/664\/revisions"}],"wp:attachment":[{"href":"https:\/\/mouhtadiprojects.com\/batitherm\/wp-json\/wp\/v2\/media?parent=664"}],"curies":[{"name":"wp","href":"https:\/\/api.w.org\/{rel}","templated":true}]}}