{"id":844,"date":"2019-03-19T15:10:04","date_gmt":"2019-03-19T15:10:04","guid":{"rendered":"http:\/\/mouhtadiprojects.com\/batitherm\/?page_id=844"},"modified":"2020-01-20T16:26:32","modified_gmt":"2020-01-20T16:26:32","slug":"espace-installateur","status":"publish","type":"page","link":"https:\/\/mouhtadiprojects.com\/batitherm\/espace-installateur\/","title":{"rendered":"Espace Installateur"},"content":{"rendered":"<div class=\"wpb-content-wrapper\"><p>[vc_row full_width=\u00a0\u00bbstretch_row_content\u00a0\u00bb bg_type=\u00a0\u00bbbg_color\u00a0\u00bb bg_override=\u00a0\u00bbfull\u00a0\u00bb bg_color_value=\u00a0\u00bb#fafafa\u00a0\u00bb css=\u00a0\u00bb.vc_custom_1553611765506{padding-top: 5% !important;padding-right: 3% !important;padding-bottom: 5% !important;padding-left: 3% !important;}\u00a0\u00bb][vc_column width=\u00a0\u00bb1\/5&Prime;]<div class=\"ult-just-icon-wrapper  \"><div class=\"align-icon\" style=\"text-align:center;\">\n<div class=\"aio-icon-img \" style=\"font-size:120px;display:inline-block;\" data-animation=\"bounceIn\" data-animation-delay=\"03\">\n\t<img decoding=\"async\" class=\"img-icon\" alt=\"null\" src=\"https:\/\/mouhtadiprojects.com\/batitherm\/wp-content\/uploads\/2019\/03\/batitherm-icnoe5-installateur-2-01.svg\"\/>\n<\/div><\/div><\/div>[vc_empty_space height=\u00a0\u00bb15px\u00a0\u00bb][vc_column_text]<\/p>\n<p style=\"text-align: center;\"><strong>Accompagnement en amont<\/strong><\/p>\n<p style=\"text-align: center;\">Etudes techniques et financi\u00e8res gratuites r\u00e9alis\u00e9es par notre bureau d\u2019\u00e9tude interne.<\/p>\n<p>[\/vc_column_text][\/vc_column][vc_column width=\u00a0\u00bb1\/5&Prime;]<div class=\"ult-just-icon-wrapper  \"><div class=\"align-icon\" style=\"text-align:center;\">\n<div class=\"aio-icon-img \" style=\"font-size:120px;display:inline-block;\" data-animation=\"bounceIn\" data-animation-delay=\"03\">\n\t<img decoding=\"async\" class=\"img-icon\" alt=\"null\" src=\"https:\/\/mouhtadiprojects.com\/batitherm\/wp-content\/uploads\/2019\/03\/batitherm-icnoe1-installateur.svg\"\/>\n<\/div><\/div><\/div>[vc_empty_space height=\u00a0\u00bb15px\u00a0\u00bb][vc_column_text]<\/p>\n<p style=\"text-align: center;\"><strong>Formations<\/strong><\/p>\n<p style=\"text-align: center;\">Sessions de formations pratiques gratuites r\u00e9guli\u00e8rement organis\u00e9es au profit des plombiers et installateurs.<\/p>\n<p>[\/vc_column_text][\/vc_column][vc_column width=\u00a0\u00bb1\/5&Prime;]<div class=\"ult-just-icon-wrapper  \"><div class=\"align-icon\" style=\"text-align:center;\">\n<div class=\"aio-icon-img \" style=\"font-size:120px;display:inline-block;\" data-animation=\"bounceIn\" data-animation-delay=\"03\">\n\t<img decoding=\"async\" class=\"img-icon\" alt=\"null\" src=\"https:\/\/mouhtadiprojects.com\/batitherm\/wp-content\/uploads\/2019\/03\/batitherm-icnoe3-installateur.svg\"\/>\n<\/div><\/div><\/div>[vc_empty_space height=\u00a0\u00bb15px\u00a0\u00bb][vc_column_text]<\/p>\n<p style=\"text-align: center;\"><strong>Assistance technique<\/strong><\/p>\n<p style=\"text-align: center;\">Suivi de l\u2019installation et d\u00e9marrage assist\u00e9 par l\u2019un de nos techniciens.<\/p>\n<p>[\/vc_column_text][\/vc_column][vc_column width=\u00a0\u00bb1\/5&Prime;]<div class=\"ult-just-icon-wrapper  \"><div class=\"align-icon\" style=\"text-align:center;\">\n<div class=\"aio-icon-img \" style=\"font-size:120px;display:inline-block;\" data-animation=\"bounceIn\" data-animation-delay=\"03\">\n\t<img decoding=\"async\" class=\"img-icon\" alt=\"null\" src=\"https:\/\/mouhtadiprojects.com\/batitherm\/wp-content\/uploads\/2019\/03\/batitherm-icnoe2-installateur.svg\"\/>\n<\/div><\/div><\/div>[vc_empty_space height=\u00a0\u00bb15px\u00a0\u00bb][vc_column_text]<\/p>\n<p style=\"text-align: center;\"><strong>Service apr\u00e8s-vente<\/strong><\/p>\n<p style=\"text-align: center;\">Une \u00e9quipe de techniciens d\u00e9di\u00e9e pour un SAV rapide et efficace<\/p>\n<p>[\/vc_column_text][\/vc_column][vc_column width=\u00a0\u00bb1\/5&Prime;]<div class=\"ult-just-icon-wrapper  \"><div class=\"align-icon\" style=\"text-align:center;\">\n<div class=\"aio-icon-img \" style=\"font-size:120px;display:inline-block;\" data-animation=\"bounceIn\" data-animation-delay=\"03\">\n\t<img decoding=\"async\" class=\"img-icon\" alt=\"null\" src=\"https:\/\/mouhtadiprojects.com\/batitherm\/wp-content\/uploads\/2019\/03\/batitherm-icnoe4-installateur.svg\"\/>\n<\/div><\/div><\/div>[vc_empty_space height=\u00a0\u00bb15px\u00a0\u00bb][vc_column_text]<\/p>\n<p style=\"text-align: center;\"><strong>Accompagnement en aval<\/strong><\/p>\n<p style=\"text-align: center;\">Pi\u00e8ces de rechange disponibles et entretien assur\u00e9 par nos \u00e9quipes<\/p>\n<p>[\/vc_column_text][\/vc_column][\/vc_row][vc_row equal_height=\u00a0\u00bbyes\u00a0\u00bb content_placement=\u00a0\u00bbbottom\u00a0\u00bb bg_type=\u00a0\u00bbgrad\u00a0\u00bb bg_override=\u00a0\u00bbfull\u00a0\u00bb ult_hide_row=\u00a0\u00bbult_hide_row_value\u00a0\u00bb ult_hide_row_mobile=\u00a0\u00bbmobile\u00a0\u00bb ult_hide_row_mobile_large=\u00a0\u00bbxl_mobile\u00a0\u00bb css=\u00a0\u00bb.vc_custom_1553506550111{padding-top: 3% !important;padding-bottom: 3% !important;}\u00a0\u00bb bg_grad=\u00a0\u00bbbackground: url(data:image\/svg+xml;base64,PHN2ZyB4bWxucz0iaHR0cDovL3d3dy53My5vcmcvMjAwMC9zdmciPjxkZWZzPjxsaW5lYXJHcmFkaWVudCBpZD0iZ3JhZGllbnQiIHgxPSIwJSIgeTE9IjAlIiB4Mj0iMCUiIHkyPSIxMDAlIj48c3RvcCBvZmZzZXQ9IjAlIiBzdHlsZT0ic3RvcC1jb2xvcjojRkZCRjAwOyIgLz48c3RvcCBvZmZzZXQ9IjEwMCUiIHN0eWxlPSJzdG9wLWNvbG9yOiNGRkEyMDA7IiAvPjwvbGluZWFyR3JhZGllbnQ+PC9kZWZzPjxyZWN0IGZpbGw9InVybCgjZ3JhZGllbnQpIiBoZWlnaHQ9IjEwMCUiIHdpZHRoPSIxMDAlIiAvPjwvc3ZnPg==);background: -webkit-gradient(linear, left top, left bottom, color-stop(0%, #FFBF00), color-stop(100%, #FFA200));background: -moz-linear-gradient(left,#FFBF00 0%,#FFA200 100%);background: -webkit-linear-gradient(left,#FFBF00 0%,#FFA200 100%);background: -o-linear-gradient(left,#FFBF00 0%,#FFA200 100%);background: -ms-linear-gradient(left,#FFBF00 0%,#FFA200 100%);background: linear-gradient(left,#FFBF00 0%,#FFA200 100%);\u00a0\u00bb][vc_column width=\u00a0\u00bb1\/4&Prime;]<div id=\"ult-easy-separator-371984239769e37a6ca9ac2\" class=\"ult-easy-separator-wrapper ult-responsive ult-bottom-easy-separator ult-easy-separator-no-default ult-left-img\" style=\"transform: translate(0,0%)!important;-ms-transform: translate(0,0%)!important;-webkit-transform: translate(0,0%)!important;left:1%;transform: translate(-1%,0%);-ms-transform: translate(-1%,0%);-webkit-transform: translate(-1%,0%);\" data-vc-row=\"wpb_row\"  data-ultimate-target='#ult-easy-separator-371984239769e37a6ca9ac2'  data-responsive-json-new='{\"width\":\"desktop:200px;mobile:90px;\"}' ><div class=\"ult-easy-separator-inner-wrapper\"><div class=\"ult-no-animation\" style=\"opacity:0;\"   ><img decoding=\"async\" class=\"ult-easy-separator-img\" alt=\"null\" src=\"https:\/\/mouhtadiprojects.com\/batitherm\/wp-content\/uploads\/2019\/03\/batitherm-call-to-action.png\" \/><\/div><\/div><\/div>[\/vc_column][vc_column width=\u00a0\u00bb1\/2&Prime;][vc_column_text]<\/p>\n<h2 style=\"text-align: left;\"><span style=\"color: #ffffff; font-size: 24pt;\"><b>Avez-vous besoin d&rsquo;aide ?<\/b><\/span><\/h2>\n<p style=\"color: #ffffff;\">Notre \u00e9quipe de service \u00e0 la client\u00e8le est disponible par t\u00e9l\u00e9phone si vous avez besoin de conseils ou de formations.<\/p>\n<p>[\/vc_column_text][\/vc_column][vc_column width=\u00a0\u00bb1\/4&Prime;]<div class=\" ubtn-ctn-center \"><a class=\"ubtn-link ult-adjust-bottom-margin ubtn-center ubtn-custom \" href=\"http:\/\/mouhtadiprojects.com\/batitherm\/website\/contact\/\" ><button type=\"button\" id=\"ubtn-7371\"  class=\"ubtn ult-adjust-bottom-margin ult-responsive ubtn-custom ubtn-left-bg  none  ubtn-center   tooltip-69e37a6ca9b51\"  data-hover=\"#ffc107\" data-border-color=\"#ffffff\" data-bg=\"#ffffff\" data-hover-bg=\"#f9f9f9\" data-border-hover=\"#ffffff\" data-shadow-hover=\"\" data-shadow-click=\"none\" data-shadow=\"\" data-shd-shadow=\"\"  data-ultimate-target='#ubtn-7371'  data-responsive-json-new='{\"font-size\":\"desktop:17px;\",\"line-height\":\"\"}'  style=\"font-family:&#039;Lato&#039;;font-weight:normal;font-style:normal;width:200px;min-height:53px;padding:4px 15px;border-radius:0px;border-width:1px;border-color:#ffffff;border-style:solid;background: #ffffff;color: #ffc107;\"><span class=\"ubtn-data ubtn-icon\"><i class=\"none\" style=\"font-size:32px;color:#ffffff;\"><\/i><\/span><span class=\"ubtn-hover\" style=\"background-color:#f9f9f9\"><\/span><span class=\"ubtn-data ubtn-text \" >Contactez-nous<\/span><\/button><\/a><\/div>[\/vc_column][\/vc_row][vc_row content_placement=\u00a0\u00bbbottom\u00a0\u00bb bg_type=\u00a0\u00bbbg_color\u00a0\u00bb bg_override=\u00a0\u00bbfull\u00a0\u00bb ult_hide_row=\u00a0\u00bbult_hide_row_value\u00a0\u00bb ult_hide_row_large_screen=\u00a0\u00bblarge_screen\u00a0\u00bb ult_hide_row_desktop=\u00a0\u00bbdesktop\u00a0\u00bb ult_hide_row_tablet=\u00a0\u00bbtablet\u00a0\u00bb bg_color_value=\u00a0\u00bb#fdb50a\u00a0\u00bb css=\u00a0\u00bb.vc_custom_1553088871927{margin-bottom: 0px !important;padding-top: 3% !important;padding-bottom: 0px !important;}\u00a0\u00bb][vc_column][vc_column_text]<\/p>\n<h1 style=\"text-align: center;\"><span style=\"color: #ffffff; font-size: 24pt;\">VOUS \u00caTES INSTALLATEUR, BESOIN<\/span><br \/>\n<span style=\"color: #ffffff; font-size: 24pt;\">D&rsquo;INSTALLATION PHOTOVOLTA\u00cfQUE ?<\/span><\/h1>\n<p>[\/vc_column_text]<div class=\" vc_custom_1553089241018 ubtn-ctn-center \"><a class=\"ubtn-link ult-adjust-bottom-margin ubtn-center ubtn-custom \" href=\"http:\/\/mouhtadiprojects.com\/batitherm\/website\/contact\/\" ><button type=\"button\" id=\"ubtn-6611\"  class=\"ubtn ult-adjust-bottom-margin ult-responsive ubtn-custom ubtn-no-hover-bg  none  ubtn-center   tooltip-69e37a6ca9c2c\"  data-hover=\"#ffffff\" data-border-color=\"\" data-bg=\"#305099\" data-hover-bg=\"#103999\" data-border-hover=\"\" data-shadow-hover=\"\" data-shadow-click=\"none\" data-shadow=\"\" data-shd-shadow=\"\"  data-ultimate-target='#ubtn-6611'  data-responsive-json-new='{\"font-size\":\"desktop:15px;\",\"line-height\":\"\"}'  style=\"font-family:&#039;Lato&#039;;font-weight:700;width:200px;min-height:53px;padding:4px 15px;border-radius:30px;border-width:px;border-color:;border-style:solid;background: #305099;color: #ffffff;\"><span class=\"ubtn-hover\" style=\"background-color:#103999\"><\/span><span class=\"ubtn-data ubtn-text \" >CONTACTEZ NOUS<\/span><\/button><\/a><\/div>[\/vc_column][\/vc_row][vc_row full_width=\u00a0\u00bbstretch_row\u00a0\u00bb content_placement=\u00a0\u00bbmiddle\u00a0\u00bb bg_type=\u00a0\u00bbbg_color\u00a0\u00bb bg_override=\u00a0\u00bbfull\u00a0\u00bb bg_color_value=\u00a0\u00bb#305099&Prime;][vc_column width=\u00a0\u00bb1\/2&Prime;][vc_column_text]<\/p>\n<h1><span style=\"color: #ffffff;\">Rejoignez notre groupe professionnel sur facebook !<\/span><\/h1>\n<p><span style=\"color: #ffffff;\">Vous installez r\u00e9guli\u00e8rement les solutions Batitherm et vous voulez \u00e9changer avec d\u2019autres plombiers et professionnels ? Le groupe <span style=\"text-decoration: underline;\"><a style=\"color: #ffffff;\" href=\"https:\/\/www.facebook.com\/groups\/LesProsBatitherm\/?ref=group_header\"><strong>Batitherm pro<\/strong><\/a><\/span> est fait pour vous ! En avant premi\u00e8re, vous \u00eates inform\u00e9s des nouveaut\u00e9s Batitherm et vous pouvez \u00e9changer entre pros ! B\u00e9n\u00e9ficiez \u00e9galement de conseils de nos experts et d\u2019avantages exclusifs !<\/span>[\/vc_column_text]<div class=\" ubtn-ctn-left \"><a class=\"ubtn-link ult-adjust-bottom-margin ubtn-left ubtn-custom \" href=\"https:\/\/www.facebook.com\/groups\/LesProsBatitherm\/\" ><button type=\"button\" id=\"ubtn-6917\"  class=\"ubtn ult-adjust-bottom-margin ult-responsive ubtn-custom ubtn-no-hover-bg  none  ubtn-sep-icon ubtn-sep-icon-at-left  ubtn-left   tooltip-69e37a6ca9ca3\"  data-hover=\"#ffffff\" data-border-color=\"\" data-bg=\"#00c926\" data-hover-bg=\"#00bc0f\" data-border-hover=\"\" data-shadow-hover=\"\" data-shadow-click=\"none\" data-shadow=\"\" data-shd-shadow=\"\"  data-ultimate-target='#ubtn-6917'  data-responsive-json-new='{\"font-size\":\"desktop:16px;\",\"line-height\":\"\"}'  style=\"font-family:&#039;Lato&#039;;font-weight:700;width:190px;min-height:40px;padding:6px px;border-radius:px;border-width:px;border-color:;border-style:solid;background: #00c926;color: #ffffff;\"><span class=\"ubtn-data ubtn-icon\"><i class=\"Defaults-facebook facebook-f\" style=\"font-size:16px;color:#ffffff;\"><\/i><\/span><span class=\"ubtn-hover\" style=\"background-color:#00bc0f\"><\/span><span class=\"ubtn-data ubtn-text \" >Rejoignez-nous<\/span><\/button><\/a><\/div>[\/vc_column][vc_column width=\u00a0\u00bb1\/2&Prime; css=\u00a0\u00bb.vc_custom_1553019594781{padding-top: 0px !important;}\u00a0\u00bb][vc_single_image image=\u00a0\u00bb4406&Prime; img_size=\u00a0\u00bblarge\u00a0\u00bb alignment=\u00a0\u00bbcenter\u00a0\u00bb css=\u00a0\u00bb.vc_custom_1579537576619{margin-top: 0px !important;margin-right: 0px !important;margin-bottom: 0px !important;margin-left: 0px !important;padding-top: 0px !important;padding-right: 0px !important;padding-bottom: 0px !important;padding-left: 0px !important;}\u00a0\u00bb][\/vc_column][\/vc_row]<\/p>\n<\/div>","protected":false},"excerpt":{"rendered":"<p>[vc_row full_width=\u00a0\u00bbstretch_row_content\u00a0\u00bb bg_type=\u00a0\u00bbbg_color\u00a0\u00bb bg_override=\u00a0\u00bbfull\u00a0\u00bb bg_color_value=\u00a0\u00bb#fafafa\u00a0\u00bb css=\u00a0\u00bb.vc_custom_1553611765506{padding-top: 5% !important;padding-right: 3% !important;padding-bottom: [&hellip;]<\/p>\n","protected":false},"author":1,"featured_media":0,"parent":0,"menu_order":7,"comment_status":"closed","ping_status":"closed","template":"","meta":{"footnotes":""},"class_list":["post-844","page","type-page","status-publish","hentry"],"_links":{"self":[{"href":"https:\/\/mouhtadiprojects.com\/batitherm\/wp-json\/wp\/v2\/pages\/844","targetHints":{"allow":["GET"]}}],"collection":[{"href":"https:\/\/mouhtadiprojects.com\/batitherm\/wp-json\/wp\/v2\/pages"}],"about":[{"href":"https:\/\/mouhtadiprojects.com\/batitherm\/wp-json\/wp\/v2\/types\/page"}],"author":[{"embeddable":true,"href":"https:\/\/mouhtadiprojects.com\/batitherm\/wp-json\/wp\/v2\/users\/1"}],"replies":[{"embeddable":true,"href":"https:\/\/mouhtadiprojects.com\/batitherm\/wp-json\/wp\/v2\/comments?post=844"}],"version-history":[{"count":2,"href":"https:\/\/mouhtadiprojects.com\/batitherm\/wp-json\/wp\/v2\/pages\/844\/revisions"}],"predecessor-version":[{"id":4408,"href":"https:\/\/mouhtadiprojects.com\/batitherm\/wp-json\/wp\/v2\/pages\/844\/revisions\/4408"}],"wp:attachment":[{"href":"https:\/\/mouhtadiprojects.com\/batitherm\/wp-json\/wp\/v2\/media?parent=844"}],"curies":[{"name":"wp","href":"https:\/\/api.w.org\/{rel}","templated":true}]}}