{"id":27,"date":"2018-07-06T12:03:49","date_gmt":"2018-07-06T12:03:49","guid":{"rendered":"http:\/\/tkontractors-clone.local\/?page_id=27"},"modified":"2018-08-08T13:10:28","modified_gmt":"2018-08-08T13:10:28","slug":"contact","status":"publish","type":"page","link":"https:\/\/mouhtadiprojects.com\/tkontractors\/contact\/","title":{"rendered":"CONTACT"},"content":{"rendered":"<div class=\"wpb-content-wrapper\"><p>[vc_row gap=\u00a0\u00bb35&Prime; content_placement=\u00a0\u00bbtop\u00a0\u00bb][vc_column width=\u00a0\u00bb2\/3&Prime;][vc_single_image image=\u00a0\u00bb286&Prime; img_size=\u00a0\u00bbfull\u00a0\u00bb alignment=\u00a0\u00bbcenter\u00a0\u00bb][\/vc_column][vc_column width=\u00a0\u00bb1\/3&Prime;][vc_column_text]<\/p>\n<h4>SI\u00c9GE<\/h4>\n<h2>CASABLANCA<\/h2>\n<p>[\/vc_column_text]<div class=\"smile_icon_list_wrap ult_info_list_container ult-adjust-bottom-margin  \"><ul class=\"smile_icon_list left square with_bg\"><li class=\"icon_list_item\" style=\" font-size:45px;\"><div class=\"icon_list_icon\" data-animation=\"\" data-animation-delay=\"03\" style=\"font-size:15px;border-width:1px;border-style:none;background:#000000;color:#ffffff;border-color:#333333;\"><i class=\"Defaults-envelope\" ><\/i><\/div><div class=\"icon_description\" id=\"Info-list-wrap-9936\" style=\"font-size:15px;\"><h3 class=\"ult-responsive info-list-heading\"  data-ultimate-target='#Info-list-wrap-9936 h3'  data-responsive-json-new='{\"font-size\":\"desktop:16px;\",\"line-height\":\"desktop:24px;\"}'  style=\"font-family:&#039;Noto Sans&#039;;font-weight:700;color:#000000;\">Email<\/h3><div class=\"icon_description_text ult-responsive\"  data-ultimate-target='#Info-list-wrap-9936 .icon_description_text'  data-responsive-json-new='{\"font-size\":\"desktop:13px;\",\"line-height\":\"desktop:18px;\"}'  style=\"font-family:&#039;Noto Sans&#039;;color:#000000;\"><p><a href=\"mailto:contact@tkontractors.com\">contact@tkontractors.com<\/a><\/p>\n<\/div><\/div><div class=\"icon_list_connector\"  style=\"border-right-width: 1px;border-right-style: dashed;border-color: #f1540f;\"><\/div><\/li><li class=\"icon_list_item\" style=\" font-size:45px;\"><div class=\"icon_list_icon\" data-animation=\"\" data-animation-delay=\"03\" style=\"font-size:15px;border-width:1px;border-style:none;background:#000000;color:#ffffff;border-color:#333333;\"><i class=\"Defaults-phone\" ><\/i><\/div><div class=\"icon_description\" id=\"Info-list-wrap-2099\" style=\"font-size:15px;\"><h3 class=\"ult-responsive info-list-heading\"  data-ultimate-target='#Info-list-wrap-2099 h3'  data-responsive-json-new='{\"font-size\":\"desktop:16px;\",\"line-height\":\"desktop:24px;\"}'  style=\"font-family:&#039;Noto Sans&#039;;font-weight:700;color:#000000;\">T\u00e9l\u00e9phones<\/h3><div class=\"icon_description_text ult-responsive\"  data-ultimate-target='#Info-list-wrap-2099 .icon_description_text'  data-responsive-json-new='{\"font-size\":\"desktop:13px;\",\"line-height\":\"desktop:18px;\"}'  style=\"font-family:&#039;Noto Sans&#039;;color:#000000;\"><p><a href=\"tel:+212522240765\">+212 (0) 5 22 24 07 65<\/a><br \/>\n<a href=\"tel:+212642448807\">+212 (0) 6 42 44 88 07<\/a><\/p>\n<\/div><\/div><div class=\"icon_list_connector\"  style=\"border-right-width: 1px;border-right-style: dashed;border-color: #f1540f;\"><\/div><\/li><li class=\"icon_list_item\" style=\" font-size:45px;\"><div class=\"icon_list_icon\" data-animation=\"\" data-animation-delay=\"03\" style=\"font-size:15px;border-width:1px;border-style:none;background:#000000;color:#ffffff;border-color:#333333;\"><i class=\"Defaults-map-marker\" ><\/i><\/div><div class=\"icon_description\" id=\"Info-list-wrap-1713\" style=\"font-size:15px;\"><h3 class=\"ult-responsive info-list-heading\"  data-ultimate-target='#Info-list-wrap-1713 h3'  data-responsive-json-new='{\"font-size\":\"desktop:16px;\",\"line-height\":\"desktop:24px;\"}'  style=\"font-family:&#039;Noto Sans&#039;;font-weight:700;color:#000000;\">Adresse<\/h3><div class=\"icon_description_text ult-responsive\"  data-ultimate-target='#Info-list-wrap-1713 .icon_description_text'  data-responsive-json-new='{\"font-size\":\"desktop:13px;\",\"line-height\":\"desktop:18px;\"}'  style=\"font-family:&#039;Noto Sans&#039;;color:#000000;\"><p><a href=\"#\" target=\"_blank\" rel=\"noopener\">355, Bd. Mohammed 5 \u00e9tage . N48<br \/>\nCasablanca, Maroc<\/a><\/p>\n<\/div><\/div><div class=\"icon_list_connector\"  style=\"border-right-width: 1px;border-right-style: dashed;border-color: #f1540f;\"><\/div><\/li><li class=\"icon_list_item\" style=\" font-size:45px;\"><div class=\"icon_list_icon\" data-animation=\"\" data-animation-delay=\"03\" style=\"font-size:15px;border-width:1px;border-style:none;background:#000000;color:#ffffff;border-color:#333333;\"><i class=\"Defaults-heart\" ><\/i><\/div><div class=\"icon_description\" id=\"Info-list-wrap-1550\" style=\"font-size:15px;\"><h3 class=\"ult-responsive info-list-heading\"  data-ultimate-target='#Info-list-wrap-1550 h3'  data-responsive-json-new='{\"font-size\":\"desktop:16px;\",\"line-height\":\"desktop:24px;\"}'  style=\"font-family:&#039;Noto Sans&#039;;font-weight:700;color:#000000;\">R\u00e9seaux Sociaux<\/h3><div class=\"icon_description_text ult-responsive\"  data-ultimate-target='#Info-list-wrap-1550 .icon_description_text'  data-responsive-json-new='{\"font-size\":\"desktop:13px;\",\"line-height\":\"desktop:18px;\"}'  style=\"font-family:&#039;Noto Sans&#039;;color:#000000;\"><p><a href=\"https:\/\/www.facebook.com\/tkontractors\/\" target=\"_blank\" rel=\"noopener\">Facebook<\/a><br \/>\n<a href=\"https:\/\/www.instagram.com\/tkontractors\/\" target=\"_blank\" rel=\"noopener\">Instagram<\/a><br \/>\n<a href=\"https:\/\/www.linkedin.com\/company\/tkontractors\/\" target=\"_blank\" rel=\"noopener\">Linkedin<\/a><\/p>\n<\/div><\/div><div class=\"icon_list_connector\"  style=\"border-right-width: 1px;border-right-style: dashed;border-color: #f1540f;\"><\/div><\/li><\/ul><\/div>[\/vc_column][\/vc_row][vc_row full_width=\u00a0\u00bbstretch_row_content_no_spaces\u00a0\u00bb][vc_column][vc_gmaps link=\u00a0\u00bb#E-8_JTNDaWZyYW1lJTIwc3JjJTNEJTIyaHR0cHMlM0ElMkYlMkZ3d3cuZ29vZ2xlLmNvbSUyRm1hcHMlMkZlbWJlZCUzRnBiJTNEJTIxMW0xOCUyMTFtMTIlMjExbTMlMjExZDE2NjEuNzMzNDg0MTc0OTQ4NCUyMTJkLTcuNjAyNjY5MjY4MTQ1ODQyJTIxM2QzMy41OTMxODY0MTEzODY3MyUyMTJtMyUyMTFmMCUyMTJmMCUyMTNmMCUyMTNtMiUyMTFpMTAyNCUyMTJpNzY4JTIxNGYxMy4xJTIxM20zJTIxMW0yJTIxMXMweGRhN2NkNjU4MzkzZmJhMyUyNTNBMHhmNTNjN2RjOGM5ZDQ5MmFhJTIxMnMzNTUlMkJCb3VsZXZhcmQlMkJNb2hhbW1lZCUyQlYlMjUyQyUyQkNhc2FibGFuY2ElMkIyMDI1MCUyMTVlMCUyMTNtMiUyMTFzZnIlMjEyc21hJTIxNHYxNTMxMzk4NzI5MTI0JTIyJTIwd2lkdGglM0QlMjI2MDAlMjIlMjBoZWlnaHQlM0QlMjI0NTAlMjIlMjBmcmFtZWJvcmRlciUzRCUyMjAlMjIlMjBzdHlsZSUzRCUyMmJvcmRlciUzQTAlMjIlMjBhbGxvd2Z1bGxzY3JlZW4lM0UlM0MlMkZpZnJhbWUlM0U=\u00a0\u00bb][\/vc_column][\/vc_row][vc_row][vc_column width=\u00a0\u00bb1\/4&Prime;][\/vc_column][vc_column width=\u00a0\u00bb1\/2&Prime;][vc_column_text]<\/p>\n<h4 style=\"text-align: center;\">NOUS CONTACTER<\/h4>\n<h2 style=\"text-align: center;\">Vous souhaitez avoir plus d&rsquo;informations ?<\/h2>\n<p style=\"text-align: center;\">Veuillez s\u00e9lectionner la zone de votre int\u00e9r\u00eat et remplir le formulaire. Nous vous r\u00e9pondrons d\u00e8s que possible.<\/p>\n<p>[\/vc_column_text][\/vc_column][vc_column width=\u00a0\u00bb1\/4&Prime;][\/vc_column][\/vc_row][vc_row gap=\u00a0\u00bb35&Prime; equal_height=\u00a0\u00bbyes\u00a0\u00bb][vc_column][vc_row_inner equal_height=\u00a0\u00bbyes\u00a0\u00bb gap=\u00a0\u00bb35&Prime;][vc_column_inner width=\u00a0\u00bb1\/2&Prime; css=\u00a0\u00bb.vc_custom_1531398519651{background-color: rgba(0,0,0,0.05) !important;*background-color: rgb(0,0,0) !important;}\u00a0\u00bb]<div class=\"uavc-list-icon uavc-list-icon-wrapper ult-adjust-bottom-margin   vc_custom_1532000441334  vc_custom_1532000441334\"><ul class=\"uavc-list\"><li><div class=\"uavc-list-content\" id=\"list-icon-wrap-4199\">\n<div class=\"uavc-list-icon  \" data-animation=\"\" data-animation-delay=\"03\" style=\"margin-right:20px;\"><div class=\"ult-just-icon-wrapper  \"><div class=\"align-icon\" style=\"text-align:center;\">\n<div class=\"aio-icon-img \" style=\"font-size:70px;display:inline-block;\" >\n\t<img decoding=\"async\" class=\"img-icon\" alt=\"null\" src=\"https:\/\/mouhtadiprojects.com\/tkontractors\/wp-content\/uploads\/2018\/07\/LOUPE-TKONTRACTORS-CONTACT.png\"\/>\n<\/div><\/div><\/div>\n<\/div><span  data-ultimate-target='#list-icon-wrap-4199 .uavc-list-desc'  data-responsive-json-new='{\"font-size\":\"\",\"line-height\":\"\"}'  class=\"uavc-list-desc ult-responsive\" style=\"color:#000000;\"><\/p>\n<h2>Informations sur le produit<\/h2>\n<p>Les carreaux de sol et les rev\u00eatements muraux de TKontractors vous int\u00e9ressent et vous voulez en savoir plus sur nos produits ?<\/p>\n<p><span style=\"text-decoration: underline;\"><span style=\"color: #fb4513;\"><a style=\"color: #fb4513; text-decoration: underline;\" href=\"https:\/\/mouhtadiprojects.com\/tkontractors\/information-sur-un-produit\/\">Nous \u00c9crire<\/a><\/span><\/span><\/span><\/div><\/li><\/ul><\/div>[\/vc_column_inner][vc_column_inner width=\u00a0\u00bb1\/2&Prime; css=\u00a0\u00bb.vc_custom_1531398505373{background-color: rgba(0,0,0,0.06) !important;*background-color: rgb(0,0,0) !important;}\u00a0\u00bb]<div class=\"uavc-list-icon uavc-list-icon-wrapper ult-adjust-bottom-margin   vc_custom_1532000696890  vc_custom_1532000696890\"><ul class=\"uavc-list\"><li><div class=\"uavc-list-content\" id=\"list-icon-wrap-8270\">\n<div class=\"uavc-list-icon  \" data-animation=\"\" data-animation-delay=\"03\" style=\"margin-right:20px;\"><div class=\"ult-just-icon-wrapper  \"><div class=\"align-icon\" style=\"text-align:center;\">\n<div class=\"aio-icon-img \" style=\"font-size:70px;display:inline-block;\" >\n\t<img decoding=\"async\" class=\"img-icon\" alt=\"null\" src=\"https:\/\/mouhtadiprojects.com\/tkontractors\/wp-content\/uploads\/2018\/07\/MONEY-TKONTRACTORS-CONTACT.png\"\/>\n<\/div><\/div><\/div>\n<\/div><span  data-ultimate-target='#list-icon-wrap-8270 .uavc-list-desc'  data-responsive-json-new='{\"font-size\":\"\",\"line-height\":\"\"}'  class=\"uavc-list-desc ult-responsive\" style=\"\"><\/p>\n<h2>Demander un devis<\/h2>\n<p>Envoyez-nous votre demande au moyen du formulaire de contact et nous vous donnerons les prix et les devis de nos produits.<\/p>\n<p><a href=\"https:\/\/mouhtadiprojects.com\/tkontractors\/demande-de-devis\/\"><span style=\"text-decoration: underline;\"><span style=\"color: #fb4513; text-decoration: underline;\">Nous \u00c9crire<\/span><\/span><\/a><\/span><\/div><\/li><\/ul><\/div>[\/vc_column_inner][\/vc_row_inner][vc_row_inner equal_height=\u00a0\u00bbyes\u00a0\u00bb gap=\u00a0\u00bb35&Prime;][vc_column_inner width=\u00a0\u00bb1\/2&Prime; css=\u00a0\u00bb.vc_custom_1531398495994{background-color: rgba(0,0,0,0.06) !important;*background-color: rgb(0,0,0) !important;}\u00a0\u00bb]<div class=\"uavc-list-icon uavc-list-icon-wrapper ult-adjust-bottom-margin   vc_custom_1532001123461  vc_custom_1532001123461\"><ul class=\"uavc-list\"><li><div class=\"uavc-list-content\" id=\"list-icon-wrap-2018\">\n<div class=\"uavc-list-icon  \" data-animation=\"\" data-animation-delay=\"03\" style=\"margin-right:20px;\"><div class=\"ult-just-icon-wrapper  \"><div class=\"align-icon\" style=\"text-align:center;\">\n<div class=\"aio-icon-img \" style=\"font-size:70px;display:inline-block;\" >\n\t<img decoding=\"async\" class=\"img-icon\" alt=\"null\" src=\"https:\/\/mouhtadiprojects.com\/tkontractors\/wp-content\/uploads\/2018\/07\/EMBAUCHE-TKONTRACTORS-CONTACT.png\"\/>\n<\/div><\/div><\/div>\n<\/div><span  data-ultimate-target='#list-icon-wrap-2018 .uavc-list-desc'  data-responsive-json-new='{\"font-size\":\"\",\"line-height\":\"\"}'  class=\"uavc-list-desc ult-responsive\" style=\"font-family:&#039;Noto Sans&#039;;color:#000000;\"><\/p>\n<h2>Recrutement<\/h2>\n<p>L\u2019aventure au sein d\u2019une jeune entreprise \u00e0 taille humaine vous int\u00e9resse\u00a0? Remplissez ce formulaire et envoyez nous votre CV.<\/p>\n<p><a href=\"https:\/\/mouhtadiprojects.com\/tkontractors\/demande-de-recrutement\/\"><span style=\"text-decoration: underline;\"><span style=\"color: #fb4513; text-decoration: underline;\">Nous \u00c9crire<\/span><\/span><\/a><\/span><\/div><\/li><\/ul><\/div>[\/vc_column_inner][vc_column_inner width=\u00a0\u00bb1\/2&Prime; css=\u00a0\u00bb.vc_custom_1531398475150{background-color: rgba(0,0,0,0.05) !important;*background-color: rgb(0,0,0) !important;}\u00a0\u00bb]<div class=\"uavc-list-icon uavc-list-icon-wrapper ult-adjust-bottom-margin   vc_custom_1532000800654  vc_custom_1532000800654\"><ul class=\"uavc-list\"><li><div class=\"uavc-list-content\" id=\"list-icon-wrap-1720\">\n<div class=\"uavc-list-icon  \" data-animation=\"\" data-animation-delay=\"03\" style=\"margin-right:20px;\"><div class=\"ult-just-icon-wrapper  \"><div class=\"align-icon\" style=\"text-align:center;\">\n<div class=\"aio-icon-img \" style=\"font-size:70px;display:inline-block;\" >\n\t<img decoding=\"async\" class=\"img-icon\" alt=\"null\" src=\"https:\/\/mouhtadiprojects.com\/tkontractors\/wp-content\/uploads\/2018\/07\/AUTRE-TKONTRACTORS-CONTACT.png\"\/>\n<\/div><\/div><\/div>\n<\/div><span  data-ultimate-target='#list-icon-wrap-1720 .uavc-list-desc'  data-responsive-json-new='{\"font-size\":\"\",\"line-height\":\"\"}'  class=\"uavc-list-desc ult-responsive\" style=\"\"><\/p>\n<h2>Autre<\/h2>\n<p>Pour toutes autres informations non mentionn\u00e9es dans la liste, envoyez-nous vos questions et nous nous ferons un plaisir d&rsquo;y r\u00e9pondre.<\/p>\n<p><a href=\"https:\/\/mouhtadiprojects.com\/tkontractors\/autre-demande\/\"><span style=\"text-decoration: underline;\"><span style=\"color: #fb4513; text-decoration: underline;\">Nous \u00c9crire<\/span><\/span><\/a><\/span><\/div><\/li><\/ul><\/div>[\/vc_column_inner][\/vc_row_inner][\/vc_column][\/vc_row]<\/p>\n<\/div>","protected":false},"excerpt":{"rendered":"<p>[vc_row gap=\u00a0\u00bb35&Prime; content_placement=\u00a0\u00bbtop\u00a0\u00bb][vc_column width=\u00a0\u00bb2\/3&Prime;][vc_single_image image=\u00a0\u00bb286&Prime; img_size=\u00a0\u00bbfull\u00a0\u00bb alignment=\u00a0\u00bbcenter\u00a0\u00bb][\/vc_column][vc_column width=\u00a0\u00bb1\/3&Prime;][vc_column_text] SI\u00c9GE CASABLANCA [&hellip;]<\/p>\n","protected":false},"author":1,"featured_media":0,"parent":0,"menu_order":0,"comment_status":"closed","ping_status":"closed","template":"","meta":{"footnotes":""},"class_list":["post-27","page","type-page","status-publish","hentry"],"_links":{"self":[{"href":"https:\/\/mouhtadiprojects.com\/tkontractors\/wp-json\/wp\/v2\/pages\/27","targetHints":{"allow":["GET"]}}],"collection":[{"href":"https:\/\/mouhtadiprojects.com\/tkontractors\/wp-json\/wp\/v2\/pages"}],"about":[{"href":"https:\/\/mouhtadiprojects.com\/tkontractors\/wp-json\/wp\/v2\/types\/page"}],"author":[{"embeddable":true,"href":"https:\/\/mouhtadiprojects.com\/tkontractors\/wp-json\/wp\/v2\/users\/1"}],"replies":[{"embeddable":true,"href":"https:\/\/mouhtadiprojects.com\/tkontractors\/wp-json\/wp\/v2\/comments?post=27"}],"version-history":[{"count":10,"href":"https:\/\/mouhtadiprojects.com\/tkontractors\/wp-json\/wp\/v2\/pages\/27\/revisions"}],"predecessor-version":[{"id":776,"href":"https:\/\/mouhtadiprojects.com\/tkontractors\/wp-json\/wp\/v2\/pages\/27\/revisions\/776"}],"wp:attachment":[{"href":"https:\/\/mouhtadiprojects.com\/tkontractors\/wp-json\/wp\/v2\/media?parent=27"}],"curies":[{"name":"wp","href":"https:\/\/api.w.org\/{rel}","templated":true}]}}