{"id":822,"date":"2018-08-09T12:24:04","date_gmt":"2018-08-09T12:24:04","guid":{"rendered":"http:\/\/tkontractors-clone.local\/?page_id=822"},"modified":"2018-08-09T17:48:53","modified_gmt":"2018-08-09T17:48:53","slug":"note-legale","status":"publish","type":"page","link":"https:\/\/mouhtadiprojects.com\/tkontractors\/societe\/note-legale\/","title":{"rendered":"NOTE L\u00c9GALE"},"content":{"rendered":"<div class=\"wpb-content-wrapper\"><p>[vc_row css=\u00a0\u00bb.vc_custom_1533836609821{padding-top: 50px !important;padding-bottom: 50px !important;}\u00a0\u00bb][vc_column width=\u00a0\u00bb1\/6&Prime;][\/vc_column][vc_column width=\u00a0\u00bb2\/3&Prime;][vc_column_text]TKontractors vous souhaite la bienvenue et vous remercie de vous \u00eatre connect\u00e9(e) \u00e0 ce site Internet (ci-apr\u00e8s \u00ab le site \u00bb).<\/p>\n<h4>USAGE PERSONNEL<\/h4>\n<p>La duplication \u00e0 usage personnel et non commercial d\u2019images, de textes ou d\u2019autres parties de ce site est autoris\u00e9e.<\/p>\n<p>Dans ce cas:<\/p>\n<ul>\n<li>Vous devez indiquer express\u00e9ment, sur les copies r\u00e9alis\u00e9es, la mention de propri\u00e9t\u00e9 de TKontractors Sarl<\/li>\n<li>Le mat\u00e9riel t\u00e9l\u00e9charg\u00e9 ne peut en aucun cas \u00eatre modifi\u00e9.<\/li>\n<\/ul>\n<h4>USAGE COMMERCIAL<\/h4>\n<p>TKontractors tient \u00e0 la disposition de ses distributeurs, grossistes, agents et de toute autre personne souhaitant promouvoir l\u2019entreprise et ses produits la documentation n\u00e9cessaire et les invite par cons\u00e9quent \u00e0 se mettre directement en contact avec elle.<\/p>\n<p>Il est possible d\u2019imprimer ou de t\u00e9l\u00e9charger des images, textes ou autres parties de ce site dans un but exclusivement promotionnel envers les consommateurs tiers apr\u00e8s autorisation de TKontractors Sarl.<\/p>\n<p>Dans ce cas \u00e9galement:<\/p>\n<ul>\n<li>Vous devez indiquer express\u00e9ment, sur les copies r\u00e9alis\u00e9es, la mention de propri\u00e9t\u00e9 de TKontractors Sarl;<\/li>\n<li>Le mat\u00e9riel t\u00e9l\u00e9charg\u00e9 ne peut en aucun cas \u00eatre modifi\u00e9.<\/li>\n<\/ul>\n<p>Cette autorisation peut \u00eatre r\u00e9voqu\u00e9e de mani\u00e8re unilat\u00e9rale par TKontractors Sarl y compris sans pr\u00e9avis.<\/p>\n<h4>AUTRES USAGES<\/h4>\n<p>Tout usage du site autre que ceux susmentionn\u00e9s <em>(y compris la distribution \u00e0 des tiers dans un but lucratif, la publication dans un but lucratif, la modification, l\u2019\u00e9laboration sous quelque forme que ce soit)<\/em> est consid\u00e9r\u00e9 comme abusif et sera par cons\u00e9quent poursuivi aux termes de la loi.<\/p>\n<h4>AVIS DE NON-RESPONSABILITE<\/h4>\n<p>TKontractors Sarl ne fournit aucune garantie et n\u2019assume aucune responsabilit\u00e9, \u00e0 quelque titre que ce soit, au sujet du fonctionnement de ce site et des logiciels reli\u00e9s ni du contenu des informations, \u00e9l\u00e9ments et mat\u00e9riels figurant sur le site. Elle ne peut par cons\u00e9quent \u00eatre tenue pour responsable, pour quelque raison ou cause ni \u00e0 quelque titre que ce soit, des dommages \u00e9ventuels, quelles que soient leur importance et leur nature, partiels ou totaux, directs ou indirects, pouvant d\u00e9couler de l\u2019utilisation de ce site et ce m\u00eame si TKontractors Sarl est inform\u00e9e de la survenue possible de tels dommages.<\/p>\n<p>Les sites reli\u00e9s (liens) ne sont pas contr\u00f4l\u00e9s par TKontractors Sarl, laquelle, par cons\u00e9quent, ne peut et ne pourra \u00eatre consid\u00e9r\u00e9e en aucune mani\u00e8re responsable, pour quelque raison ou cause ni \u00e0 quelque titre que ce soit, du contenu desdits sites reli\u00e9s ou des adresses de connexion. La connexion n\u2019entra\u00eene aucune adh\u00e9sion aux sites reli\u00e9s de la part de TKontractors Sarl.<\/p>\n<p>L\u2019utilisateur des informations ou du mat\u00e9riel figurant sur ce site assume, \u00e0 titre exclusif, la responsabilit\u00e9 totale et inconditionnelle, en cas de pertes, de co\u00fbts et de dommages, directs ou indirects, quelles que soient leur importance et leur nature, pouvant d\u00e9couler de l\u2019utilisation de ce site.<\/p>\n<h4>LIEN<\/h4>\n<p>TKontractors encourage la saisie du lien \u00e0 <a href=\"http:\/\/www.tkontractors.com\">www.tkontractors.com<\/a> sur d\u2019autres sites consacr\u00e9s aux mat\u00e9riaux, au b\u00e2timent, \u00e0 l\u2019architecture et au style de vie de charme.<\/p>\n<h4>COOKIES<\/h4>\n<p>Les Cookies sont des portions de code d\u00e9pos\u00e9es dans le navigateur et qui permettent au Responsable de fournir le service selon les finalit\u00e9s d\u00e9crites. Certaines finalit\u00e9s des cookies pourraient, en outre, n\u00e9cessiter le consentement de l\u2019utilisateur.<\/p>\n<h4>TKONTRACTORS SARL<\/h4>\n<p>TKontractors est une Soci\u00e9t\u00e9 \u00e0 Responsabilit\u00e9 Limit\u00e9e au Capital Social de 100 000 DHS \u00e0 associ\u00e9 unique appartenant \u00e0 Monsieur <em>Salim Guessous<\/em>.<\/p>\n<ul>\n<li><strong>RC<\/strong>\u00a0 38 47 35<\/li>\n<li><strong>TP<\/strong> 31 29 24 89<\/li>\n<\/ul>\n<p>[\/vc_column_text][\/vc_column][vc_column width=\u00a0\u00bb1\/6&Prime;][\/vc_column][\/vc_row]<\/p>\n<\/div>","protected":false},"excerpt":{"rendered":"<p>[vc_row css=\u00a0\u00bb.vc_custom_1533836609821{padding-top: 50px !important;padding-bottom: 50px !important;}\u00a0\u00bb][vc_column width=\u00a0\u00bb1\/6&Prime;][\/vc_column][vc_column width=\u00a0\u00bb2\/3&Prime;][vc_column_text]TKontractors vous souhaite [&hellip;]<\/p>\n","protected":false},"author":1,"featured_media":0,"parent":19,"menu_order":0,"comment_status":"closed","ping_status":"closed","template":"","meta":{"footnotes":""},"class_list":["post-822","page","type-page","status-publish","hentry"],"_links":{"self":[{"href":"https:\/\/mouhtadiprojects.com\/tkontractors\/wp-json\/wp\/v2\/pages\/822","targetHints":{"allow":["GET"]}}],"collection":[{"href":"https:\/\/mouhtadiprojects.com\/tkontractors\/wp-json\/wp\/v2\/pages"}],"about":[{"href":"https:\/\/mouhtadiprojects.com\/tkontractors\/wp-json\/wp\/v2\/types\/page"}],"author":[{"embeddable":true,"href":"https:\/\/mouhtadiprojects.com\/tkontractors\/wp-json\/wp\/v2\/users\/1"}],"replies":[{"embeddable":true,"href":"https:\/\/mouhtadiprojects.com\/tkontractors\/wp-json\/wp\/v2\/comments?post=822"}],"version-history":[{"count":6,"href":"https:\/\/mouhtadiprojects.com\/tkontractors\/wp-json\/wp\/v2\/pages\/822\/revisions"}],"predecessor-version":[{"id":835,"href":"https:\/\/mouhtadiprojects.com\/tkontractors\/wp-json\/wp\/v2\/pages\/822\/revisions\/835"}],"up":[{"embeddable":true,"href":"https:\/\/mouhtadiprojects.com\/tkontractors\/wp-json\/wp\/v2\/pages\/19"}],"wp:attachment":[{"href":"https:\/\/mouhtadiprojects.com\/tkontractors\/wp-json\/wp\/v2\/media?parent=822"}],"curies":[{"name":"wp","href":"https:\/\/api.w.org\/{rel}","templated":true}]}}